{"id":17998,"date":"2025-02-02T12:20:07","date_gmt":"2025-02-02T11:20:07","guid":{"rendered":"https:\/\/www.supercom.agency\/?page_id=17998"},"modified":"2025-02-02T21:11:50","modified_gmt":"2025-02-02T20:11:50","slug":"proteccion-de-datos","status":"publish","type":"page","link":"https:\/\/www.supercom.agency\/es\/proteccion-de-datos\/","title":{"rendered":"Protecci\u00f3n de datos"},"content":{"rendered":"\t\t<div data-elementor-type=\"wp-page\" data-elementor-id=\"17998\" class=\"elementor elementor-17998 elementor-17959\" data-elementor-post-type=\"page\">\n\t\t\t\t<div class=\"elementor-element elementor-element-e179054 e-con-full e-flex e-con e-parent\" data-id=\"e179054\" data-element_type=\"container\" data-settings=\"{&quot;background_background&quot;:&quot;classic&quot;}\">\n\t\t<div class=\"elementor-element elementor-element-5b13a25 e-flex e-con-boxed e-con e-child\" data-id=\"5b13a25\" data-element_type=\"container\">\n\t\t\t\t\t<div class=\"e-con-inner\">\n\t\t\t\t<div class=\"elementor-element elementor-element-fee7cc8 elementor-widget elementor-widget-heading\" data-id=\"fee7cc8\" data-element_type=\"widget\" data-widget_type=\"heading.default\">\n\t\t\t\t<div class=\"elementor-widget-container\">\n\t\t\t\t\t<h1 class=\"elementor-heading-title elementor-size-default\">Protecci\u00f3n de datos<\/h1>\t\t\t\t<\/div>\n\t\t\t\t<\/div>\n\t\t\t\t\t<\/div>\n\t\t\t\t<\/div>\n\t\t\t\t<\/div>\n\t\t<div class=\"elementor-element elementor-element-bff6387 e-flex e-con-boxed e-con e-parent\" data-id=\"bff6387\" data-element_type=\"container\">\n\t\t\t\t\t<div class=\"e-con-inner\">\n\t\t\t\t<div class=\"elementor-element elementor-element-6af75ea elementor-widget elementor-widget-heading\" data-id=\"6af75ea\" data-element_type=\"widget\" data-widget_type=\"heading.default\">\n\t\t\t\t<div class=\"elementor-widget-container\">\n\t\t\t\t\t<h2 class=\"elementor-heading-title elementor-size-default\">Declaraci\u00f3n de Protecci\u00f3n de Datos de Supercom.agency<\/h2>\t\t\t\t<\/div>\n\t\t\t\t<\/div>\n\t\t\t\t\t<\/div>\n\t\t\t\t<\/div>\n\t\t<div class=\"elementor-element elementor-element-5e6dd61 e-flex e-con-boxed e-con e-parent\" data-id=\"5e6dd61\" data-element_type=\"container\">\n\t\t\t\t\t<div class=\"e-con-inner\">\n\t\t\t\t<div class=\"elementor-element elementor-element-9e6712a elementor-widget elementor-widget-text-editor\" data-id=\"9e6712a\" data-element_type=\"widget\" data-widget_type=\"text-editor.default\">\n\t\t\t\t<div class=\"elementor-widget-container\">\n\t\t\t\t\t\t\t\t\t<p>Supercom se compromete a proteger la confidencialidad y seguridad de los datos personales de sus usuarios de acuerdo con la nueva Ley Federal de Protecci\u00f3n de Datos (LPD), en vigor desde el 1 de septiembre de 2023. Damos gran importancia a la protecci\u00f3n de su privacidad y datos personales. Esta declaraci\u00f3n de protecci\u00f3n de datos explica c\u00f3mo recopilamos, utilizamos y protegemos su informaci\u00f3n cuando visita nuestro sitio web y utiliza nuestros servicios.<\/p><p><b>Recopilaci\u00f3n y Uso de Datos Personales<\/b><\/p><p>Los datos personales se refieren a cualquier informaci\u00f3n relacionada con una persona f\u00edsica identificada o identificable. Esto puede incluir, por ejemplo, el nombre, la direcci\u00f3n de correo electr\u00f3nico, el n\u00famero de tel\u00e9fono u otros datos que permitan identificar a una persona.<br \/>En nuestro sitio web, solo recopilamos datos personales cuando usted los proporciona voluntariamente, como al completar nuestro formulario de contacto o suscribirse a nuestro bolet\u00edn informativo.<\/p><p><b>Datos No Personales<\/b><\/p><p>Cada vez que accede a nuestro sitio web, se registran autom\u00e1ticamente datos generales (por ejemplo, el n\u00famero y la duraci\u00f3n de las visitas en diferentes p\u00e1ginas, los clics en un bot\u00f3n de solicitud de contacto). Estos datos son an\u00f3nimos y no permiten la identificaci\u00f3n directa de una persona. Se utilizan exclusivamente con fines estad\u00edsticos para optimizar nuestro sitio web, campa\u00f1as u otros servicios electr\u00f3nicos.<\/p><p><b>Recopilaci\u00f3n de Datos No Personales, Herramientas de Seguridad, Publicitarias, de An\u00e1lisis y Seguimiento<\/b><\/p><p>Recopilamos datos an\u00f3nimos y no personales a trav\u00e9s de nuestro sitio web y varias herramientas de seguridad, publicitarias y de an\u00e1lisis de terceros. Estos datos no personales se transmiten mediante cookies y otras tecnolog\u00edas como scripts de c\u00f3digo o p\u00edxeles. Tenga en cuenta que no disponemos de una lista exacta de los datos an\u00f3nimos transmitidos ni de su uso por parte de herramientas externas. Al utilizar nuestro sitio web, usted acepta esta condici\u00f3n.<\/p><p><b>Herramientas de protecci\u00f3n y seguridad de terceros<\/b><\/p><p>Algunas de las herramientas de terceros que utilizamos nos ayudan a protegernos contra el spam, el fraude y los riesgos de seguridad.<\/p><p><b>Cookies y Otras Tecnolog\u00edas de Terceros<\/b><\/p><p>Como se mencion\u00f3 anteriormente, nuestro sitio web y tecnolog\u00edas de terceros utilizan cookies y otras tecnolog\u00edas (scripts, p\u00edxeles) para la seguridad, mejorar su experiencia de usuario, recopilar estad\u00edsticas de visitas y otros datos anonimizados.<\/p><p>Solicitamos su consentimiento para el uso de cookies durante su primera visita a nuestro sitio. Sin embargo, tambi\u00e9n puede configurar su navegador o utilizar herramientas espec\u00edficas para bloquear estas cookies y tecnolog\u00edas. Estas herramientas se conocen como bloqueadores de anuncios o bloqueadores de cookies.<\/p><p><a href=\"https:\/\/www.supercom.agency\/es\/cookies\/\">Consulte nuestra p\u00e1gina de cookies para m\u00e1s detalles.<\/a><\/p><p><b>Herramientas y Tecnolog\u00edas de Terceros Utilizadas<\/b><\/p><p>Utilizamos varias herramientas y tecnolog\u00edas de terceros para la seguridad, obtener estad\u00edsticas an\u00f3nimas de usuarios y gestionar nuestras campa\u00f1as de marketing:<\/p><ul><li>Google reCAPATCHA V2 para la seguridad.<\/li><li>Google Analytics 4 para el an\u00e1lisis del tr\u00e1fico y las interacciones en nuestro sitio web.<\/li><li>Google Ads, LinkedIn Ads, Meta Ads para nuestras campa\u00f1as digitales.<\/li><li>Zoho CRM para la gesti\u00f3n del proceso comercial.<\/li><\/ul><p><b style=\"background-color: transparent; font-size: 1rem; color: var( --e-global-color-text ); font-family: var( --e-global-typography-text-font-family ), Sans-serif; text-align: var(--text-align);\">Finalidad del Tratamiento de Datos<\/b><\/p><div><p><span style=\"color: var( --e-global-color-text ); font-family: var( --e-global-typography-text-font-family ), Sans-serif; font-size: 1rem; font-weight: var( --e-global-typography-text-font-weight ); text-align: var(--text-align);\">Utilizamos sus datos personales \u00fanicamente para los siguientes fines:<\/span><\/p><ul><li><span style=\"color: var( --e-global-color-text ); font-family: var( --e-global-typography-text-font-family ), Sans-serif; font-size: 1rem; font-weight: var( --e-global-typography-text-font-weight ); text-align: var(--text-align);\">Comunicarnos con usted por tel\u00e9fono, correo electr\u00f3nico u otros servicios de mensajer\u00eda si lo solicita o en caso de una posible colaboraci\u00f3n.<\/span><\/li><li>Proporcionar nuestros servicios y trabajar con usted en caso de un contrato.<\/li><li>Comunicarnos con usted a trav\u00e9s de nuestro bolet\u00edn informativo si ha confirmado su suscripci\u00f3n (opt-in).<\/li><li>Cumplir con nuestras obligaciones legales.<\/li><\/ul><div><p><b>Correos Electr\u00f3nicos y Bolet\u00edn Informativo<\/b><\/p><p>Al ponerse en contacto con nosotros, es posible que reciba algunos correos electr\u00f3nicos informativos o de seguimiento de marketing exclusivamente de nuestra parte. Si no desea seguir recibi\u00e9ndolos, puede solicitar la baja en cualquier momento o ajustar la configuraci\u00f3n de su correo electr\u00f3nico.<\/p><p>Si se ha suscrito a nuestro bolet\u00edn informativo, puede darse de baja en cualquier momento utilizando el enlace provisto al final del bolet\u00edn, haciendo una solicitud o ajustando la configuraci\u00f3n de su correo electr\u00f3nico.<\/p><p>Para hacerlo, simplemente utilice nuestro formulario de contacto o ll\u00e1menos.<\/p><p><b>Tratamiento y Transmisi\u00f3n de Datos Personales<\/b><\/p><p><span style=\"color: var( --e-global-color-text ); font-family: var( --e-global-typography-text-font-family ), Sans-serif; font-weight: var( --e-global-typography-text-font-weight ); text-align: var(--text-align); font-size: 1rem;\">Cuando nos proporciona sus datos personales (por ejemplo, mediante una solicitud de contacto), usted consiente su uso y tratamiento. Estos datos pueden ser compartidos con terceros o subcontratistas ubicados en Suiza o en el extranjero (incluidos dentro de la UE, el EEE o fuera de estas regiones) si est\u00e1n involucrados en la ejecuci\u00f3n de contratos que podamos tener con usted o si as\u00ed lo exige la ley. Solo compartimos datos si ninguna obligaci\u00f3n legal o contractual de confidencialidad lo impide.<\/span><b><br \/><\/b><\/p><p><b>Periodo de Conservaci\u00f3n de los Datos<\/b><\/p><p>Conservamos sus datos personales \u00fanicamente durante el tiempo necesario para cumplir con los fines para los que fueron recopilados, salvo que una obligaci\u00f3n legal exija una conservaci\u00f3n m\u00e1s prolongada.<\/p><p><b>Seguridad de los Datos<\/b><\/p><p>Implementamos medidas de seguridad t\u00e9cnicas y organizativas adecuadas para proteger sus datos personales contra el acceso no autorizado, el uso indebido, la p\u00e9rdida o la destrucci\u00f3n.<\/p><p><b>Alojamiento de Datos<\/b><\/p><p>Nuestros datos est\u00e1n alojados por Infomaniak SA, ubicada en Rue Eug\u00e8ne-Marziano 25, 1227 Les Acacias, Ginebra, Suiza.<\/p><p>Al utilizar nuestro sitio web, usted consiente y comprende que los datos personales y no personales, incluso cuando est\u00e1n cifrados mediante ssL, pueden ser transmitidos indirectamente a Infomaniak. Si bien este proveedor de alojamiento est\u00e1 sujeto a las leyes suizas de protecci\u00f3n de datos, no nos hacemos responsables de posibles problemas t\u00e9cnicos que puedan ocurrir en su infraestructura y que resulten en filtraciones o modificaciones de los datos almacenados.<\/p><p><b>Sus Derechos Respecto a Sus Datos Personales<\/b><\/p><p>De acuerdo con la LPD, usted tiene los siguientes derechos sobre sus datos personales:<\/p><ul><li>Derecho de acceso: Puede solicitar ver los datos que tenemos sobre usted.<\/li><li>Derecho de rectificaci\u00f3n: Puede solicitar la correcci\u00f3n de datos inexactos o incompletos.<\/li><li>Derecho de supresi\u00f3n: Puede solicitar la eliminaci\u00f3n de sus datos en determinadas circunstancias.<\/li><li>Derecho de oposici\u00f3n: Puede oponerse al tratamiento de sus datos con fines de marketing directo.<\/li><li>Derecho a la portabilidad de datos: Puede solicitar recibir sus datos en un formato estructurado y legible por m\u00e1quina.<\/li><\/ul><p>\u00a0<\/p><p><b>Contacto<\/b><\/p><p>Para cualquier pregunta o solicitud relacionada con esta declaraci\u00f3n de protecci\u00f3n de datos, o para ejercer sus derechos, utilice nuestro formulario de contacto, ll\u00e1menos o escr\u00edbanos a la siguiente direcci\u00f3n:\u00a0<span style=\"color: var( --e-global-color-text ); font-family: var( --e-global-typography-text-font-family ), Sans-serif; font-weight: var( --e-global-typography-text-font-weight ); text-align: var(--text-align); font-size: 1rem;\">Supercom.agency c\/o NASK SARL, Route des Acacias 43, CH-1227 Carouge, Ginebra, Suiza.<\/span><\/p><p><b>Modificaciones de la Declaraci\u00f3n de Protecci\u00f3n de Datos<\/b><\/p><p>Nos reservamos el derecho de modificar esta declaraci\u00f3n de protecci\u00f3n de datos en cualquier momento y sin previo aviso. Los cambios ser\u00e1n publicados en nuestro sitio web.<\/p><p><b>Ley Aplicable<\/b><\/p><p>Esta declaraci\u00f3n de protecci\u00f3n de datos est\u00e1 sujeta a la legislaci\u00f3n suiza.<\/p><p><b>Fecha<\/b><\/p><p>Ginebra, 31 de enero de 2025<\/p><\/div><\/div>\t\t\t\t\t\t\t\t<\/div>\n\t\t\t\t<\/div>\n\t\t\t\t\t<\/div>\n\t\t\t\t<\/div>\n\t\t\t\t<\/div>\n\t\t","protected":false},"excerpt":{"rendered":"<p>Protecci\u00f3n de datos Declaraci\u00f3n de Protecci\u00f3n de Datos de Supercom.agency Supercom se compromete a proteger la confidencialidad y seguridad de los datos personales de sus usuarios de acuerdo con la nueva Ley Federal de Protecci\u00f3n de Datos (LPD), en vigor desde el 1 de septiembre de 2023. Damos gran importancia a la protecci\u00f3n de su [&hellip;]<\/p>\n","protected":false},"author":3,"featured_media":0,"parent":0,"menu_order":0,"comment_status":"closed","ping_status":"closed","template":"","meta":{"footnotes":""},"class_list":["post-17998","page","type-page","status-publish","hentry"],"yoast_head":"<!-- This site is optimized with the Yoast SEO plugin v26.8 - https:\/\/yoast.com\/product\/yoast-seo-wordpress\/ -->\n<title>Protecci\u00f3n de datos - Supercom.agency<\/title>\n<meta name=\"robots\" content=\"index, follow, max-snippet:-1, max-image-preview:large, max-video-preview:-1\" \/>\n<link rel=\"canonical\" href=\"https:\/\/www.supercom.agency\/es\/proteccion-de-datos\/\" \/>\n<meta property=\"og:locale\" content=\"es_ES\" \/>\n<meta property=\"og:type\" content=\"article\" \/>\n<meta property=\"og:title\" content=\"Protecci\u00f3n de datos - Supercom.agency\" \/>\n<meta property=\"og:description\" content=\"Protecci\u00f3n de datos Declaraci\u00f3n de Protecci\u00f3n de Datos de Supercom.agency Supercom se compromete a proteger la confidencialidad y seguridad de los datos personales de sus usuarios de acuerdo con la nueva Ley Federal de Protecci\u00f3n de Datos (LPD), en vigor desde el 1 de septiembre de 2023. Damos gran importancia a la protecci\u00f3n de su [&hellip;]\" \/>\n<meta property=\"og:url\" content=\"https:\/\/www.supercom.agency\/es\/proteccion-de-datos\/\" \/>\n<meta property=\"og:site_name\" content=\"Supercom.agency\" \/>\n<meta property=\"article:publisher\" content=\"https:\/\/www.facebook.com\/supercom.agency\/\" \/>\n<meta property=\"article:modified_time\" content=\"2025-02-02T20:11:50+00:00\" \/>\n<meta name=\"twitter:card\" content=\"summary_large_image\" \/>\n<meta name=\"twitter:label1\" content=\"Tiempo de lectura\" \/>\n\t<meta name=\"twitter:data1\" content=\"5 minutos\" \/>\n<script type=\"application\/ld+json\" class=\"yoast-schema-graph\">{\"@context\":\"https:\/\/schema.org\",\"@graph\":[{\"@type\":\"WebPage\",\"@id\":\"https:\/\/www.supercom.agency\/es\/proteccion-de-datos\/\",\"url\":\"https:\/\/www.supercom.agency\/es\/proteccion-de-datos\/\",\"name\":\"Protecci\u00f3n de datos - Supercom.agency\",\"isPartOf\":{\"@id\":\"https:\/\/www.supercom.agency\/es\/#website\"},\"datePublished\":\"2025-02-02T11:20:07+00:00\",\"dateModified\":\"2025-02-02T20:11:50+00:00\",\"breadcrumb\":{\"@id\":\"https:\/\/www.supercom.agency\/es\/proteccion-de-datos\/#breadcrumb\"},\"inLanguage\":\"es\",\"potentialAction\":[{\"@type\":\"ReadAction\",\"target\":[\"https:\/\/www.supercom.agency\/es\/proteccion-de-datos\/\"]}]},{\"@type\":\"BreadcrumbList\",\"@id\":\"https:\/\/www.supercom.agency\/es\/proteccion-de-datos\/#breadcrumb\",\"itemListElement\":[{\"@type\":\"ListItem\",\"position\":1,\"name\":\"Home\",\"item\":\"https:\/\/www.supercom.agency\/es\/\"},{\"@type\":\"ListItem\",\"position\":2,\"name\":\"Protecci\u00f3n de datos\"}]},{\"@type\":\"WebSite\",\"@id\":\"https:\/\/www.supercom.agency\/es\/#website\",\"url\":\"https:\/\/www.supercom.agency\/es\/\",\"name\":\"Supercom\",\"description\":\"\",\"publisher\":{\"@id\":\"https:\/\/www.supercom.agency\/es\/#organization\"},\"potentialAction\":[{\"@type\":\"SearchAction\",\"target\":{\"@type\":\"EntryPoint\",\"urlTemplate\":\"https:\/\/www.supercom.agency\/es\/?s={search_term_string}\"},\"query-input\":{\"@type\":\"PropertyValueSpecification\",\"valueRequired\":true,\"valueName\":\"search_term_string\"}}],\"inLanguage\":\"es\"},{\"@type\":\"Organization\",\"@id\":\"https:\/\/www.supercom.agency\/es\/#organization\",\"name\":\"Supercom\",\"url\":\"https:\/\/www.supercom.agency\/es\/\",\"logo\":{\"@type\":\"ImageObject\",\"inLanguage\":\"es\",\"@id\":\"https:\/\/www.supercom.agency\/es\/#\/schema\/logo\/image\/\",\"url\":\"https:\/\/www.supercom.agency\/wp-content\/uploads\/2024\/11\/Supercom-logo.svg\",\"contentUrl\":\"https:\/\/www.supercom.agency\/wp-content\/uploads\/2024\/11\/Supercom-logo.svg\",\"width\":939,\"height\":188,\"caption\":\"Supercom\"},\"image\":{\"@id\":\"https:\/\/www.supercom.agency\/es\/#\/schema\/logo\/image\/\"},\"sameAs\":[\"https:\/\/www.facebook.com\/supercom.agency\/\",\"https:\/\/www.linkedin.com\/company\/supercom-agency\/\"]}]}<\/script>\n<!-- \/ Yoast SEO plugin. -->","yoast_head_json":{"title":"Protecci\u00f3n de datos - Supercom.agency","robots":{"index":"index","follow":"follow","max-snippet":"max-snippet:-1","max-image-preview":"max-image-preview:large","max-video-preview":"max-video-preview:-1"},"canonical":"https:\/\/www.supercom.agency\/es\/proteccion-de-datos\/","og_locale":"es_ES","og_type":"article","og_title":"Protecci\u00f3n de datos - Supercom.agency","og_description":"Protecci\u00f3n de datos Declaraci\u00f3n de Protecci\u00f3n de Datos de Supercom.agency Supercom se compromete a proteger la confidencialidad y seguridad de los datos personales de sus usuarios de acuerdo con la nueva Ley Federal de Protecci\u00f3n de Datos (LPD), en vigor desde el 1 de septiembre de 2023. Damos gran importancia a la protecci\u00f3n de su [&hellip;]","og_url":"https:\/\/www.supercom.agency\/es\/proteccion-de-datos\/","og_site_name":"Supercom.agency","article_publisher":"https:\/\/www.facebook.com\/supercom.agency\/","article_modified_time":"2025-02-02T20:11:50+00:00","twitter_card":"summary_large_image","twitter_misc":{"Tiempo de lectura":"5 minutos"},"schema":{"@context":"https:\/\/schema.org","@graph":[{"@type":"WebPage","@id":"https:\/\/www.supercom.agency\/es\/proteccion-de-datos\/","url":"https:\/\/www.supercom.agency\/es\/proteccion-de-datos\/","name":"Protecci\u00f3n de datos - Supercom.agency","isPartOf":{"@id":"https:\/\/www.supercom.agency\/es\/#website"},"datePublished":"2025-02-02T11:20:07+00:00","dateModified":"2025-02-02T20:11:50+00:00","breadcrumb":{"@id":"https:\/\/www.supercom.agency\/es\/proteccion-de-datos\/#breadcrumb"},"inLanguage":"es","potentialAction":[{"@type":"ReadAction","target":["https:\/\/www.supercom.agency\/es\/proteccion-de-datos\/"]}]},{"@type":"BreadcrumbList","@id":"https:\/\/www.supercom.agency\/es\/proteccion-de-datos\/#breadcrumb","itemListElement":[{"@type":"ListItem","position":1,"name":"Home","item":"https:\/\/www.supercom.agency\/es\/"},{"@type":"ListItem","position":2,"name":"Protecci\u00f3n de datos"}]},{"@type":"WebSite","@id":"https:\/\/www.supercom.agency\/es\/#website","url":"https:\/\/www.supercom.agency\/es\/","name":"Supercom","description":"","publisher":{"@id":"https:\/\/www.supercom.agency\/es\/#organization"},"potentialAction":[{"@type":"SearchAction","target":{"@type":"EntryPoint","urlTemplate":"https:\/\/www.supercom.agency\/es\/?s={search_term_string}"},"query-input":{"@type":"PropertyValueSpecification","valueRequired":true,"valueName":"search_term_string"}}],"inLanguage":"es"},{"@type":"Organization","@id":"https:\/\/www.supercom.agency\/es\/#organization","name":"Supercom","url":"https:\/\/www.supercom.agency\/es\/","logo":{"@type":"ImageObject","inLanguage":"es","@id":"https:\/\/www.supercom.agency\/es\/#\/schema\/logo\/image\/","url":"https:\/\/www.supercom.agency\/wp-content\/uploads\/2024\/11\/Supercom-logo.svg","contentUrl":"https:\/\/www.supercom.agency\/wp-content\/uploads\/2024\/11\/Supercom-logo.svg","width":939,"height":188,"caption":"Supercom"},"image":{"@id":"https:\/\/www.supercom.agency\/es\/#\/schema\/logo\/image\/"},"sameAs":["https:\/\/www.facebook.com\/supercom.agency\/","https:\/\/www.linkedin.com\/company\/supercom-agency\/"]}]}},"_links":{"self":[{"href":"https:\/\/www.supercom.agency\/es\/wp-json\/wp\/v2\/pages\/17998","targetHints":{"allow":["GET"]}}],"collection":[{"href":"https:\/\/www.supercom.agency\/es\/wp-json\/wp\/v2\/pages"}],"about":[{"href":"https:\/\/www.supercom.agency\/es\/wp-json\/wp\/v2\/types\/page"}],"author":[{"embeddable":true,"href":"https:\/\/www.supercom.agency\/es\/wp-json\/wp\/v2\/users\/3"}],"replies":[{"embeddable":true,"href":"https:\/\/www.supercom.agency\/es\/wp-json\/wp\/v2\/comments?post=17998"}],"version-history":[{"count":16,"href":"https:\/\/www.supercom.agency\/es\/wp-json\/wp\/v2\/pages\/17998\/revisions"}],"predecessor-version":[{"id":18041,"href":"https:\/\/www.supercom.agency\/es\/wp-json\/wp\/v2\/pages\/17998\/revisions\/18041"}],"wp:attachment":[{"href":"https:\/\/www.supercom.agency\/es\/wp-json\/wp\/v2\/media?parent=17998"}],"curies":[{"name":"wp","href":"https:\/\/api.w.org\/{rel}","templated":true}]}}