{"id":17787,"date":"2025-01-17T14:16:05","date_gmt":"2025-01-17T13:16:05","guid":{"rendered":"https:\/\/www.supercom.agency\/?page_id=17787"},"modified":"2025-01-27T23:32:35","modified_gmt":"2025-01-27T22:32:35","slug":"cookies","status":"publish","type":"page","link":"https:\/\/www.supercom.agency\/es\/cookies\/","title":{"rendered":"Cookies"},"content":{"rendered":"\t\t<div data-elementor-type=\"wp-page\" data-elementor-id=\"17787\" class=\"elementor elementor-17787 elementor-16229\" data-elementor-post-type=\"page\">\n\t\t\t\t<div class=\"elementor-element elementor-element-3b80e56 e-con-full e-flex e-con e-parent\" data-id=\"3b80e56\" data-element_type=\"container\" data-settings=\"{&quot;background_background&quot;:&quot;classic&quot;}\">\n\t\t<div class=\"elementor-element elementor-element-357bbb6 e-flex e-con-boxed e-con e-child\" data-id=\"357bbb6\" data-element_type=\"container\">\n\t\t\t\t\t<div class=\"e-con-inner\">\n\t\t\t\t<div class=\"elementor-element elementor-element-f42d409 elementor-widget elementor-widget-heading\" data-id=\"f42d409\" data-element_type=\"widget\" data-widget_type=\"heading.default\">\n\t\t\t\t<div class=\"elementor-widget-container\">\n\t\t\t\t\t<h1 class=\"elementor-heading-title elementor-size-default\">Cookies<\/h1>\t\t\t\t<\/div>\n\t\t\t\t<\/div>\n\t\t\t\t\t<\/div>\n\t\t\t\t<\/div>\n\t\t\t\t<\/div>\n\t\t<div class=\"elementor-element elementor-element-5dd93290 e-flex e-con-boxed e-con e-parent\" data-id=\"5dd93290\" data-element_type=\"container\">\n\t\t\t\t\t<div class=\"e-con-inner\">\n\t\t\t\t<div class=\"elementor-element elementor-element-4582d89f elementor-widget elementor-widget-text-editor\" data-id=\"4582d89f\" data-element_type=\"widget\" data-widget_type=\"text-editor.default\">\n\t\t\t\t<div class=\"elementor-widget-container\">\n\t\t\t\t\t\t\t\t\t<p><strong>Pol\u00edtica de Cookies<\/strong><\/p><p>Esta pol\u00edtica de cookies se aplica a Supercom.agency.<\/p><p>Se recogen datos no personales y an\u00f3nimos relacionados con su conexi\u00f3n y navegaci\u00f3n durante cada visita a Supercom.agency en un archivo llamado cookie.<\/p><p><strong>Datos recogidos a trav\u00e9s de cookies:<\/strong><\/p><p>Una cookie es un archivo de texto que contiene informaci\u00f3n no personal y que se coloca al visitar una p\u00e1gina web, una aplicaci\u00f3n m\u00f3vil o un anuncio en l\u00ednea, y se almacena en su ordenador o dispositivo m\u00f3vil a trav\u00e9s de un navegador de Internet o una aplicaci\u00f3n m\u00f3vil.<\/p><p>En nuestro sitio, utilizamos:<\/p><ol><li>Cookies estrictamente necesarias para habilitar o mejorar ciertas funciones del sitio web o para proporcionar informaci\u00f3n, como recordar sus elecciones o las p\u00e1ginas que ha visitado.<\/li><li>Cookies de terceros para ofrecer contenido y anuncios personalizados en funci\u00f3n de sus intereses expresados durante su navegaci\u00f3n en Internet o mediante remarketing.<\/li><\/ol><p>Puede encontrar m\u00e1s informaci\u00f3n sobre las cookies en los siguientes sitios web: https:\/\/es.wikipedia.org\/wiki\/Cookie_(inform%C3%A1tica)<\/p><p><br \/><strong>Aceptar o rechazar cookies<\/strong><br \/>Puede rechazar las cookies en cualquier momento:<\/p><ol><li>A trav\u00e9s de nuestra barra de consentimiento, que se muestra cuando visita nuestro sitio por primera vez, eligiendo entre las opciones disponibles.<\/li><li>Configurando los ajustes de su navegador para aceptar o rechazar cookies. Las empresas propietarias de los navegadores web ponen a disposici\u00f3n p\u00e1ginas de ayuda para la gesti\u00f3n de cookies.<\/li><li>Descargando una aplicaci\u00f3n gratuita para bloquear las cookies y la mayor\u00eda de las tecnolog\u00edas de seguimiento publicitario. Estas se llaman \u00abbloqueadores de cookies\u00bb o \u00abbloqueadores de anuncios\u00bb.<\/li><\/ol><p>Si eliges rechazar o bloquear las cookies esenciales, algunas partes de <strong>Supercom.agency<\/strong> pueden no funcionar como se espera o pueden no funcionar en absoluto.<\/p><p><strong>Exclusi\u00f3n de responsabilidad<\/strong><\/p><p>Nos reservamos el derecho de actualizar esta pol\u00edtica de cookies por cualquier motivo sin la obligaci\u00f3n de notificarle. Por lo tanto, le animamos a consultar regularmente esta p\u00e1gina.<\/p><p>Al utilizar nuestro sitio web, acepta que si no bloquea las cookies u otras tecnolog\u00edas a trav\u00e9s de nuestra barra de consentimiento, la informaci\u00f3n mencionada anteriormente pueda ser enviada.<\/p>\t\t\t\t\t\t\t\t<\/div>\n\t\t\t\t<\/div>\n\t\t\t\t\t<\/div>\n\t\t\t\t<\/div>\n\t\t\t\t<\/div>\n\t\t","protected":false},"excerpt":{"rendered":"<p>Cookies Pol\u00edtica de Cookies Esta pol\u00edtica de cookies se aplica a Supercom.agency. Se recogen datos no personales y an\u00f3nimos relacionados con su conexi\u00f3n y navegaci\u00f3n durante cada visita a Supercom.agency en un archivo llamado cookie. Datos recogidos a trav\u00e9s de cookies: Una cookie es un archivo de texto que contiene informaci\u00f3n no personal y que [&hellip;]<\/p>\n","protected":false},"author":3,"featured_media":0,"parent":0,"menu_order":0,"comment_status":"closed","ping_status":"closed","template":"","meta":{"footnotes":""},"class_list":["post-17787","page","type-page","status-publish","hentry"],"yoast_head":"<!-- This site is optimized with the Yoast SEO plugin v26.8 - https:\/\/yoast.com\/product\/yoast-seo-wordpress\/ -->\n<title>Cookies - Supercom.agency<\/title>\n<meta name=\"robots\" content=\"noindex, follow\" \/>\n<meta property=\"og:locale\" content=\"es_ES\" \/>\n<meta property=\"og:type\" content=\"article\" \/>\n<meta property=\"og:title\" content=\"Cookies - Supercom.agency\" \/>\n<meta property=\"og:description\" content=\"Cookies Pol\u00edtica de Cookies Esta pol\u00edtica de cookies se aplica a Supercom.agency. Se recogen datos no personales y an\u00f3nimos relacionados con su conexi\u00f3n y navegaci\u00f3n durante cada visita a Supercom.agency en un archivo llamado cookie. Datos recogidos a trav\u00e9s de cookies: Una cookie es un archivo de texto que contiene informaci\u00f3n no personal y que [&hellip;]\" \/>\n<meta property=\"og:url\" content=\"https:\/\/www.supercom.agency\/es\/cookies\/\" \/>\n<meta property=\"og:site_name\" content=\"Supercom.agency\" \/>\n<meta property=\"article:publisher\" content=\"https:\/\/www.facebook.com\/supercom.agency\/\" \/>\n<meta property=\"article:modified_time\" content=\"2025-01-27T22:32:35+00:00\" \/>\n<meta name=\"twitter:card\" content=\"summary_large_image\" \/>\n<meta name=\"twitter:label1\" content=\"Tiempo de lectura\" \/>\n\t<meta name=\"twitter:data1\" content=\"2 minutos\" \/>\n<script type=\"application\/ld+json\" class=\"yoast-schema-graph\">{\"@context\":\"https:\/\/schema.org\",\"@graph\":[{\"@type\":\"WebPage\",\"@id\":\"https:\/\/www.supercom.agency\/es\/cookies\/\",\"url\":\"https:\/\/www.supercom.agency\/es\/cookies\/\",\"name\":\"Cookies - Supercom.agency\",\"isPartOf\":{\"@id\":\"https:\/\/www.supercom.agency\/es\/#website\"},\"datePublished\":\"2025-01-17T13:16:05+00:00\",\"dateModified\":\"2025-01-27T22:32:35+00:00\",\"breadcrumb\":{\"@id\":\"https:\/\/www.supercom.agency\/es\/cookies\/#breadcrumb\"},\"inLanguage\":\"es\",\"potentialAction\":[{\"@type\":\"ReadAction\",\"target\":[\"https:\/\/www.supercom.agency\/es\/cookies\/\"]}]},{\"@type\":\"BreadcrumbList\",\"@id\":\"https:\/\/www.supercom.agency\/es\/cookies\/#breadcrumb\",\"itemListElement\":[{\"@type\":\"ListItem\",\"position\":1,\"name\":\"Home\",\"item\":\"https:\/\/www.supercom.agency\/es\/\"},{\"@type\":\"ListItem\",\"position\":2,\"name\":\"Cookies\"}]},{\"@type\":\"WebSite\",\"@id\":\"https:\/\/www.supercom.agency\/es\/#website\",\"url\":\"https:\/\/www.supercom.agency\/es\/\",\"name\":\"Supercom\",\"description\":\"\",\"publisher\":{\"@id\":\"https:\/\/www.supercom.agency\/es\/#organization\"},\"potentialAction\":[{\"@type\":\"SearchAction\",\"target\":{\"@type\":\"EntryPoint\",\"urlTemplate\":\"https:\/\/www.supercom.agency\/es\/?s={search_term_string}\"},\"query-input\":{\"@type\":\"PropertyValueSpecification\",\"valueRequired\":true,\"valueName\":\"search_term_string\"}}],\"inLanguage\":\"es\"},{\"@type\":\"Organization\",\"@id\":\"https:\/\/www.supercom.agency\/es\/#organization\",\"name\":\"Supercom\",\"url\":\"https:\/\/www.supercom.agency\/es\/\",\"logo\":{\"@type\":\"ImageObject\",\"inLanguage\":\"es\",\"@id\":\"https:\/\/www.supercom.agency\/es\/#\/schema\/logo\/image\/\",\"url\":\"https:\/\/www.supercom.agency\/wp-content\/uploads\/2024\/11\/Supercom-logo.svg\",\"contentUrl\":\"https:\/\/www.supercom.agency\/wp-content\/uploads\/2024\/11\/Supercom-logo.svg\",\"width\":939,\"height\":188,\"caption\":\"Supercom\"},\"image\":{\"@id\":\"https:\/\/www.supercom.agency\/es\/#\/schema\/logo\/image\/\"},\"sameAs\":[\"https:\/\/www.facebook.com\/supercom.agency\/\",\"https:\/\/www.linkedin.com\/company\/supercom-agency\/\"]}]}<\/script>\n<!-- \/ Yoast SEO plugin. -->","yoast_head_json":{"title":"Cookies - Supercom.agency","robots":{"index":"noindex","follow":"follow"},"og_locale":"es_ES","og_type":"article","og_title":"Cookies - Supercom.agency","og_description":"Cookies Pol\u00edtica de Cookies Esta pol\u00edtica de cookies se aplica a Supercom.agency. Se recogen datos no personales y an\u00f3nimos relacionados con su conexi\u00f3n y navegaci\u00f3n durante cada visita a Supercom.agency en un archivo llamado cookie. Datos recogidos a trav\u00e9s de cookies: Una cookie es un archivo de texto que contiene informaci\u00f3n no personal y que [&hellip;]","og_url":"https:\/\/www.supercom.agency\/es\/cookies\/","og_site_name":"Supercom.agency","article_publisher":"https:\/\/www.facebook.com\/supercom.agency\/","article_modified_time":"2025-01-27T22:32:35+00:00","twitter_card":"summary_large_image","twitter_misc":{"Tiempo de lectura":"2 minutos"},"schema":{"@context":"https:\/\/schema.org","@graph":[{"@type":"WebPage","@id":"https:\/\/www.supercom.agency\/es\/cookies\/","url":"https:\/\/www.supercom.agency\/es\/cookies\/","name":"Cookies - Supercom.agency","isPartOf":{"@id":"https:\/\/www.supercom.agency\/es\/#website"},"datePublished":"2025-01-17T13:16:05+00:00","dateModified":"2025-01-27T22:32:35+00:00","breadcrumb":{"@id":"https:\/\/www.supercom.agency\/es\/cookies\/#breadcrumb"},"inLanguage":"es","potentialAction":[{"@type":"ReadAction","target":["https:\/\/www.supercom.agency\/es\/cookies\/"]}]},{"@type":"BreadcrumbList","@id":"https:\/\/www.supercom.agency\/es\/cookies\/#breadcrumb","itemListElement":[{"@type":"ListItem","position":1,"name":"Home","item":"https:\/\/www.supercom.agency\/es\/"},{"@type":"ListItem","position":2,"name":"Cookies"}]},{"@type":"WebSite","@id":"https:\/\/www.supercom.agency\/es\/#website","url":"https:\/\/www.supercom.agency\/es\/","name":"Supercom","description":"","publisher":{"@id":"https:\/\/www.supercom.agency\/es\/#organization"},"potentialAction":[{"@type":"SearchAction","target":{"@type":"EntryPoint","urlTemplate":"https:\/\/www.supercom.agency\/es\/?s={search_term_string}"},"query-input":{"@type":"PropertyValueSpecification","valueRequired":true,"valueName":"search_term_string"}}],"inLanguage":"es"},{"@type":"Organization","@id":"https:\/\/www.supercom.agency\/es\/#organization","name":"Supercom","url":"https:\/\/www.supercom.agency\/es\/","logo":{"@type":"ImageObject","inLanguage":"es","@id":"https:\/\/www.supercom.agency\/es\/#\/schema\/logo\/image\/","url":"https:\/\/www.supercom.agency\/wp-content\/uploads\/2024\/11\/Supercom-logo.svg","contentUrl":"https:\/\/www.supercom.agency\/wp-content\/uploads\/2024\/11\/Supercom-logo.svg","width":939,"height":188,"caption":"Supercom"},"image":{"@id":"https:\/\/www.supercom.agency\/es\/#\/schema\/logo\/image\/"},"sameAs":["https:\/\/www.facebook.com\/supercom.agency\/","https:\/\/www.linkedin.com\/company\/supercom-agency\/"]}]}},"_links":{"self":[{"href":"https:\/\/www.supercom.agency\/es\/wp-json\/wp\/v2\/pages\/17787","targetHints":{"allow":["GET"]}}],"collection":[{"href":"https:\/\/www.supercom.agency\/es\/wp-json\/wp\/v2\/pages"}],"about":[{"href":"https:\/\/www.supercom.agency\/es\/wp-json\/wp\/v2\/types\/page"}],"author":[{"embeddable":true,"href":"https:\/\/www.supercom.agency\/es\/wp-json\/wp\/v2\/users\/3"}],"replies":[{"embeddable":true,"href":"https:\/\/www.supercom.agency\/es\/wp-json\/wp\/v2\/comments?post=17787"}],"version-history":[{"count":4,"href":"https:\/\/www.supercom.agency\/es\/wp-json\/wp\/v2\/pages\/17787\/revisions"}],"predecessor-version":[{"id":17797,"href":"https:\/\/www.supercom.agency\/es\/wp-json\/wp\/v2\/pages\/17787\/revisions\/17797"}],"wp:attachment":[{"href":"https:\/\/www.supercom.agency\/es\/wp-json\/wp\/v2\/media?parent=17787"}],"curies":[{"name":"wp","href":"https:\/\/api.w.org\/{rel}","templated":true}]}}