{"id":18005,"date":"2025-02-02T12:20:07","date_gmt":"2025-02-02T11:20:07","guid":{"rendered":"https:\/\/www.supercom.agency\/?page_id=18005"},"modified":"2025-02-02T21:06:00","modified_gmt":"2025-02-02T20:06:00","slug":"datenschutzerklaerung","status":"publish","type":"page","link":"https:\/\/www.supercom.agency\/de\/datenschutzerklaerung\/","title":{"rendered":"Datenschutzerkl\u00e4rung"},"content":{"rendered":"\t\t<div data-elementor-type=\"wp-page\" data-elementor-id=\"18005\" class=\"elementor elementor-18005 elementor-17959\" data-elementor-post-type=\"page\">\n\t\t\t\t<div class=\"elementor-element elementor-element-e179054 e-con-full e-flex e-con e-parent\" data-id=\"e179054\" data-element_type=\"container\" data-settings=\"{&quot;background_background&quot;:&quot;classic&quot;}\">\n\t\t<div class=\"elementor-element elementor-element-5b13a25 e-flex e-con-boxed e-con e-child\" data-id=\"5b13a25\" data-element_type=\"container\">\n\t\t\t\t\t<div class=\"e-con-inner\">\n\t\t\t\t<div class=\"elementor-element elementor-element-fee7cc8 elementor-widget elementor-widget-heading\" data-id=\"fee7cc8\" data-element_type=\"widget\" data-widget_type=\"heading.default\">\n\t\t\t\t<div class=\"elementor-widget-container\">\n\t\t\t\t\t<h1 class=\"elementor-heading-title elementor-size-default\">Datenschutzerkl\u00e4rung<\/h1>\t\t\t\t<\/div>\n\t\t\t\t<\/div>\n\t\t\t\t\t<\/div>\n\t\t\t\t<\/div>\n\t\t\t\t<\/div>\n\t\t<div class=\"elementor-element elementor-element-bff6387 e-flex e-con-boxed e-con e-parent\" data-id=\"bff6387\" data-element_type=\"container\">\n\t\t\t\t\t<div class=\"e-con-inner\">\n\t\t\t\t<div class=\"elementor-element elementor-element-6af75ea elementor-widget elementor-widget-heading\" data-id=\"6af75ea\" data-element_type=\"widget\" data-widget_type=\"heading.default\">\n\t\t\t\t<div class=\"elementor-widget-container\">\n\t\t\t\t\t<h2 class=\"elementor-heading-title elementor-size-default\">Supercom.agency Datenschutzerkl\u00e4rung\n<\/h2>\t\t\t\t<\/div>\n\t\t\t\t<\/div>\n\t\t\t\t\t<\/div>\n\t\t\t\t<\/div>\n\t\t<div class=\"elementor-element elementor-element-5e6dd61 e-flex e-con-boxed e-con e-parent\" data-id=\"5e6dd61\" data-element_type=\"container\">\n\t\t\t\t\t<div class=\"e-con-inner\">\n\t\t\t\t<div class=\"elementor-element elementor-element-9e6712a elementor-widget elementor-widget-text-editor\" data-id=\"9e6712a\" data-element_type=\"widget\" data-widget_type=\"text-editor.default\">\n\t\t\t\t<div class=\"elementor-widget-container\">\n\t\t\t\t\t\t\t\t\t<p>Supercom verpflichtet sich, die Vertraulichkeit und Sicherheit der personenbezogenen Daten seiner Nutzer gem\u00e4ss dem neuen Bundesgesetz \u00fcber den Datenschutz (DSG), das seit dem 1. September 2023 in Kraft ist, zu sch\u00fctzen. Der Schutz Ihrer Privatsph\u00e4re und pers\u00f6nlichen Daten ist f\u00fcr uns von grosser Bedeutung. Diese Datenschutzerkl\u00e4rung erl\u00e4utert, wie wir Ihre Informationen erfassen, nutzen und sch\u00fctzen, wenn Sie unsere Website besuchen und unsere Dienste nutzen.<\/p><p><b>Erhebung und Nutzung personenbezogener Daten<\/b><\/p><p>Personenbezogene Daten sind alle Informationen, die sich auf eine identifizierte oder identifizierbare nat\u00fcrliche Person beziehen. Dazu geh\u00f6ren beispielsweise Name, E-Mail-Adresse, Telefonnummer oder andere Daten, die eine Person identifizieren k\u00f6nnen.<\/p><p>Auf unserer Website erfassen wir personenbezogene Daten nur dann, wenn Sie uns diese freiwillig zur Verf\u00fcgung stellen, z. B. durch das Ausf\u00fcllen unseres Kontaktformulars oder die Anmeldung zu unserem Newsletter.<\/p><p><b>Nicht-personenbezogene Daten<\/b><\/p><p>Jedes Mal, wenn Sie auf unsere Website zugreifen, werden automatisch allgemeine Informationen erfasst (z. B. die Anzahl und Dauer der Besuche auf verschiedenen Seiten, Klicks auf einen Kontaktanfrage-Button). Diese Daten sind anonym und erm\u00f6glichen keine direkte Identifizierung einer Person. Sie werden ausschliesslich zu statistischen Zwecken verwendet, um unsere Website, Kampagnen oder andere elektronische Dienste zu optimieren.<\/p><p><b>Erhebung nicht-personenbezogener Sicherheits-, Daten-, Werbe-, Analyse- und Tracking-Tools<\/b><\/p><p>Wir erfassen anonyme, nicht-personenbezogene Daten \u00fcber unsere Website sowie \u00fcber verschiedene Sicherheit-, Werbe- und Analysetools von Drittanbietern. Diese nicht-personenbezogenen Daten werden \u00fcber Cookies und andere Technologien wie Skripte oder Pixel \u00fcbermittelt. Bitte beachten Sie, dass wir keine genaue Liste der \u00fcbermittelten anonymen Daten haben und auch nicht wissen, wie diese von den verschiedenen externen Tools genutzt werden. Durch die Nutzung unserer Website akzeptieren Sie diese Tatsache.<\/p><p><b>Drittanbieter-Schutz- und Sicherheitswerkzeuge<\/b><\/p><p>Einige der Drittanbieter-Tools, die wir verwenden, helfen uns, uns vor Spam, Betrug und Sicherheitsrisiken zu sch\u00fctzen.<\/p><p><b>Cookies und andere Drittanbieter-Technologien<\/b><\/p><p>Wie bereits erw\u00e4hnt, verwenden unsere Website und Technologien von Drittanbietern Cookies und andere Technologien (Skripte, Pixel), f\u00fcr Sicherheit, um Ihre Nutzererfahrung zu verbessern, Besuchsstatistiken zu erfassen und andere anonymisierte Daten zu sammeln.<\/p><p>Wir bitten bei Ihrem ersten Besuch um Ihre Zustimmung zur Verwendung von Cookies. Sie k\u00f6nnen jedoch auch Ihren Browser entsprechend konfigurieren oder spezielle Tools nutzen, um diese Cookies und Technologien zu blockieren. Solche Tools sind als Ad-Blocker oder Cookie-Blocker bekannt.<\/p><p>Weitere Details finden Sie auf unserer Cookie-Seite.<\/p><p><b>Verwendete Drittanbieter-Tools und Technologien<\/b><\/p><p><span style=\"color: var( --e-global-color-text ); font-family: var( --e-global-typography-text-font-family ), Sans-serif; font-weight: var( --e-global-typography-text-font-weight ); text-align: var(--text-align); font-size: 1rem;\">Wir nutzen verschiedene Drittanbieter-Tools und Technologien, f\u00fcr die Sicherheit, um anonyme Nutzerstatistiken zu erhalten und unsere Marketingkampagnen zu verwalten:<\/span><b><br \/><\/b><\/p><ul><li><span style=\"background-color: transparent; color: var( --e-global-color-text ); font-family: var( --e-global-typography-text-font-family ), Sans-serif; font-weight: var( --e-global-typography-text-font-weight ); text-align: var(--text-align);\">Google reCAPTCHA V2 f\u00fcr die Sicherheit.<\/span><\/li><li><span style=\"background-color: transparent; color: var( --e-global-color-text ); font-family: var( --e-global-typography-text-font-family ), Sans-serif; font-weight: var( --e-global-typography-text-font-weight ); text-align: var(--text-align);\">Google Analytics 4 zur Analyse des Website-Traffics und der Interaktionen.<\/span><\/li><li><span style=\"background-color: transparent; color: var( --e-global-color-text ); font-family: var( --e-global-typography-text-font-family ), Sans-serif; font-weight: var( --e-global-typography-text-font-weight ); text-align: var(--text-align);\">Google Ads, LinkedIn Ads, Meta Ads f\u00fcr unsere digitalen Kampagnen.<\/span><\/li><li><span style=\"background-color: transparent; color: var( --e-global-color-text ); font-family: var( --e-global-typography-text-font-family ), Sans-serif; font-weight: var( --e-global-typography-text-font-weight ); text-align: var(--text-align);\">Zoho CRM zur Verwaltung unseres Vertriebsprozesses.<\/span><\/li><\/ul><div><p>\u00a0<\/p><p><b style=\"color: var( --e-global-color-text ); font-family: var( --e-global-typography-text-font-family ), Sans-serif; text-align: var(--text-align); font-size: 1rem;\">Zweck der Datenverarbeitung<\/b><\/p><p>Wir verwenden Ihre personenbezogenen Daten ausschliesslich zu folgenden Zwecken:<\/p><ul><li><span style=\"background-color: transparent; color: var( --e-global-color-text ); font-family: var( --e-global-typography-text-font-family ), Sans-serif; font-weight: var( --e-global-typography-text-font-weight ); text-align: var(--text-align);\">Zur Kommunikation mit Ihnen per Telefon, E-Mail oder anderen Messaging-Diensten, wenn Sie dies w\u00fcnschen oder im Falle einer m\u00f6glichen Zusammenarbeit.<\/span><\/li><li><span style=\"background-color: transparent; color: var( --e-global-color-text ); font-family: var( --e-global-typography-text-font-family ), Sans-serif; font-weight: var( --e-global-typography-text-font-weight ); text-align: var(--text-align);\">Zur Bereitstellung unserer Dienstleistungen und zur Zusammenarbeit mit Ihnen im Rahmen eines Vertrags.<\/span><\/li><li><span style=\"background-color: transparent; color: var( --e-global-color-text ); font-family: var( --e-global-typography-text-font-family ), Sans-serif; font-weight: var( --e-global-typography-text-font-weight ); text-align: var(--text-align);\">Zur Kommunikation mit Ihnen \u00fcber unseren Newsletter, falls Sie Ihre Anmeldung best\u00e4tigt haben (Opt-in).<\/span><\/li><li><span style=\"background-color: transparent; color: var( --e-global-color-text ); font-family: var( --e-global-typography-text-font-family ), Sans-serif; font-weight: var( --e-global-typography-text-font-weight ); text-align: var(--text-align);\">Zur Erf\u00fcllung unserer gesetzlichen Verpflichtungen.<\/span><\/li><\/ul><p>\u00a0<\/p><p><b style=\"background-color: transparent; font-size: 1rem; color: var( --e-global-color-text ); font-family: var( --e-global-typography-text-font-family ), Sans-serif; text-align: var(--text-align);\">E-Mails und Newsletter<\/b><\/p><p>Wenn Sie mit uns Kontakt aufnehmen, erhalten Sie m\u00f6glicherweise einige Informations- oder Marketing-Follow-up-E-Mails ausschliesslich von uns. Falls Sie diese nicht mehr erhalten m\u00f6chten, k\u00f6nnen Sie jederzeit deren Erhalt abbestellen oder Ihre E-Mail-Einstellungen anpassen.<\/p><p>Falls Sie sich f\u00fcr unseren Newsletter angemeldet haben, k\u00f6nnen Sie sich jederzeit \u00fcber den Link am Ende des Newsletters abmelden, eine Anfrage stellen oder Ihre E-Mail-Einstellungen anpassen.<\/p><p><span style=\"color: var( --e-global-color-text ); font-family: var( --e-global-typography-text-font-family ), Sans-serif; font-weight: var( --e-global-typography-text-font-weight ); text-align: var(--text-align); font-size: 1rem;\">Nutzen Sie dazu einfach unser Kontaktformular oder rufen Sie uns an.<\/span><\/p><p><b>Verarbeitung und \u00dcbermittlung personenbezogener Daten<\/b><\/p><p>Wenn Sie uns Ihre personenbezogenen Daten zur Verf\u00fcgung stellen (z. B. \u00fcber eine Kontaktanfrage), stimmen Sie deren Nutzung und Verarbeitung zu. Diese Daten k\u00f6nnen an Dritte oder Unterauftragnehmer in der Schweiz oder im Ausland (einschliesslich innerhalb der EU, des EWR oder ausserhalb dieser Regionen) weitergegeben werden, wenn sie an der Erf\u00fcllung von Vertr\u00e4gen beteiligt sind, die wir mit Ihnen haben, oder wenn dies gesetzlich vorgeschrieben ist. Wir geben Daten nur weiter, wenn keine gesetzliche oder vertragliche Geheimhaltungspflicht dagegen spricht.<\/p><p><b>Speicherdauer der Daten<\/b><\/p><p>Wir speichern Ihre personenbezogenen Daten nur so lange, wie es zur Erf\u00fcllung der Zwecke, f\u00fcr die sie erhoben wurden, erforderlich ist, es sei denn, eine gesetzliche Verpflichtung erfordert eine l\u00e4ngere Aufbewahrung.<\/p><p><b>Datensicherheit<\/b><\/p><p>Wir setzen geeignete technische und organisatorische Sicherheitsmassnahmen ein, um Ihre personenbezogenen Daten vor unbefugtem Zugriff, Missbrauch, Verlust oder Zerst\u00f6rung zu sch\u00fctzen.<\/p><p><b>Datenhosting<\/b><\/p><p>Unsere Daten werden bei Infomaniak SA, Rue Eug\u00e8ne-Marziano 25, 1227 Les Acacias, Genf, Schweiz, gehostet.<\/p><p>Durch die Nutzung unserer Website stimmen Sie zu und verstehen, dass personenbezogene und nicht-personenbezogene Daten, auch wenn sie \u00fcber ssL verschl\u00fcsselt sind, indirekt an Infomaniak \u00fcbermittelt werden k\u00f6nnen. Obwohl dieser Hosting-Anbieter dem Schweizer Datenschutzrecht unterliegt, \u00fcbernehmen wir keine Verantwortung f\u00fcr technische Probleme auf deren Seite, die zu Datenlecks oder -ver\u00e4nderungen f\u00fchren k\u00f6nnten.<\/p><p><b>Ihre Rechte in Bezug auf Ihre personenbezogenen Daten<\/b><\/p><p>Gem\u00e4ss dem DSG haben Sie folgende Rechte in Bezug auf Ihre personenbezogenen Daten:<\/p><ul><li>Auskunftsrecht: Sie k\u00f6nnen anfordern, welche Daten wir \u00fcber Sie gespeichert haben.<\/li><li>Recht auf Berichtigung: Sie k\u00f6nnen die Korrektur unrichtiger oder unvollst\u00e4ndiger Daten verlangen.<\/li><li>Recht auf L\u00f6schung: Sie k\u00f6nnen unter bestimmten Umst\u00e4nden die L\u00f6schung Ihrer Daten verlangen.<\/li><li>Widerspruchsrecht: Sie k\u00f6nnen der Verarbeitung Ihrer Daten f\u00fcr Direktmarketingzwecke widersprechen.<\/li><li>Recht auf Daten\u00fcbertragbarkeit: Sie k\u00f6nnen verlangen, Ihre Daten in einem strukturierten, maschinenlesbaren Format zu erhalten.<\/li><\/ul><p><b>Kontakt<\/b><\/p><p>F\u00fcr Fragen oder Anliegen bez\u00fcglich dieser Datenschutzerkl\u00e4rung oder zur Aus\u00fcbung Ihrer Rechte nutzen Sie bitte unser Kontaktformular, rufen Sie uns an oder schreiben Sie uns an folgende Adresse: Supercom.agency c\/o NASK SARL, Route des Acacias 43, CH-1227 Carouge, Genf, Schweiz<\/p><p><b>\u00c4nderungen der Datenschutzerkl\u00e4rung<\/b><\/p><p>Wir behalten uns das Recht vor, diese Datenschutzerkl\u00e4rung jederzeit und ohne vorherige Ank\u00fcndigung zu \u00e4ndern. \u00c4nderungen werden auf unserer Website ver\u00f6ffentlicht.<\/p><p><b>Anwendbares Recht<\/b><\/p><p>Diese Datenschutzerkl\u00e4rung unterliegt dem Schweizer Recht.<\/p><p><b>Datum<\/b><\/p><p>Genf, den 31. Januar 2025<\/p><\/div>\t\t\t\t\t\t\t\t<\/div>\n\t\t\t\t<\/div>\n\t\t\t\t\t<\/div>\n\t\t\t\t<\/div>\n\t\t\t\t<\/div>\n\t\t","protected":false},"excerpt":{"rendered":"<p>Datenschutzerkl\u00e4rung Supercom.agency Datenschutzerkl\u00e4rung Supercom verpflichtet sich, die Vertraulichkeit und Sicherheit der personenbezogenen Daten seiner Nutzer gem\u00e4ss dem neuen Bundesgesetz \u00fcber den Datenschutz (DSG), das seit dem 1. September 2023 in Kraft ist, zu sch\u00fctzen. Der Schutz Ihrer Privatsph\u00e4re und pers\u00f6nlichen Daten ist f\u00fcr uns von grosser Bedeutung. Diese Datenschutzerkl\u00e4rung erl\u00e4utert, wie wir Ihre Informationen erfassen, [&hellip;]<\/p>\n","protected":false},"author":3,"featured_media":0,"parent":0,"menu_order":0,"comment_status":"closed","ping_status":"closed","template":"","meta":{"footnotes":""},"class_list":["post-18005","page","type-page","status-publish","hentry"],"yoast_head":"<!-- This site is optimized with the Yoast SEO plugin v26.8 - https:\/\/yoast.com\/product\/yoast-seo-wordpress\/ -->\n<title>Datenschutzerkl\u00e4rung - Supercom.agency<\/title>\n<meta name=\"robots\" content=\"index, follow, max-snippet:-1, max-image-preview:large, max-video-preview:-1\" \/>\n<link rel=\"canonical\" href=\"https:\/\/www.supercom.agency\/de\/datenschutzerklaerung\/\" \/>\n<meta property=\"og:locale\" content=\"de_DE\" \/>\n<meta property=\"og:type\" content=\"article\" \/>\n<meta property=\"og:title\" content=\"Datenschutzerkl\u00e4rung - Supercom.agency\" \/>\n<meta property=\"og:description\" content=\"Datenschutzerkl\u00e4rung Supercom.agency Datenschutzerkl\u00e4rung Supercom verpflichtet sich, die Vertraulichkeit und Sicherheit der personenbezogenen Daten seiner Nutzer gem\u00e4ss dem neuen Bundesgesetz \u00fcber den Datenschutz (DSG), das seit dem 1. September 2023 in Kraft ist, zu sch\u00fctzen. Der Schutz Ihrer Privatsph\u00e4re und pers\u00f6nlichen Daten ist f\u00fcr uns von grosser Bedeutung. Diese Datenschutzerkl\u00e4rung erl\u00e4utert, wie wir Ihre Informationen erfassen, [&hellip;]\" \/>\n<meta property=\"og:url\" content=\"https:\/\/www.supercom.agency\/de\/datenschutzerklaerung\/\" \/>\n<meta property=\"og:site_name\" content=\"Supercom.agency\" \/>\n<meta property=\"article:publisher\" content=\"https:\/\/www.facebook.com\/supercom.agency\/\" \/>\n<meta property=\"article:modified_time\" content=\"2025-02-02T20:06:00+00:00\" \/>\n<meta name=\"twitter:card\" content=\"summary_large_image\" \/>\n<meta name=\"twitter:label1\" content=\"Gesch\u00e4tzte Lesezeit\" \/>\n\t<meta name=\"twitter:data1\" content=\"6\u00a0Minuten\" \/>\n<script type=\"application\/ld+json\" class=\"yoast-schema-graph\">{\"@context\":\"https:\/\/schema.org\",\"@graph\":[{\"@type\":\"WebPage\",\"@id\":\"https:\/\/www.supercom.agency\/de\/datenschutzerklaerung\/\",\"url\":\"https:\/\/www.supercom.agency\/de\/datenschutzerklaerung\/\",\"name\":\"Datenschutzerkl\u00e4rung - Supercom.agency\",\"isPartOf\":{\"@id\":\"https:\/\/www.supercom.agency\/de\/#website\"},\"datePublished\":\"2025-02-02T11:20:07+00:00\",\"dateModified\":\"2025-02-02T20:06:00+00:00\",\"breadcrumb\":{\"@id\":\"https:\/\/www.supercom.agency\/de\/datenschutzerklaerung\/#breadcrumb\"},\"inLanguage\":\"de\",\"potentialAction\":[{\"@type\":\"ReadAction\",\"target\":[\"https:\/\/www.supercom.agency\/de\/datenschutzerklaerung\/\"]}]},{\"@type\":\"BreadcrumbList\",\"@id\":\"https:\/\/www.supercom.agency\/de\/datenschutzerklaerung\/#breadcrumb\",\"itemListElement\":[{\"@type\":\"ListItem\",\"position\":1,\"name\":\"Home\",\"item\":\"https:\/\/www.supercom.agency\/de\/\"},{\"@type\":\"ListItem\",\"position\":2,\"name\":\"Datenschutzerkl\u00e4rung\"}]},{\"@type\":\"WebSite\",\"@id\":\"https:\/\/www.supercom.agency\/de\/#website\",\"url\":\"https:\/\/www.supercom.agency\/de\/\",\"name\":\"Supercom\",\"description\":\"\",\"publisher\":{\"@id\":\"https:\/\/www.supercom.agency\/de\/#organization\"},\"potentialAction\":[{\"@type\":\"SearchAction\",\"target\":{\"@type\":\"EntryPoint\",\"urlTemplate\":\"https:\/\/www.supercom.agency\/de\/?s={search_term_string}\"},\"query-input\":{\"@type\":\"PropertyValueSpecification\",\"valueRequired\":true,\"valueName\":\"search_term_string\"}}],\"inLanguage\":\"de\"},{\"@type\":\"Organization\",\"@id\":\"https:\/\/www.supercom.agency\/de\/#organization\",\"name\":\"Supercom\",\"url\":\"https:\/\/www.supercom.agency\/de\/\",\"logo\":{\"@type\":\"ImageObject\",\"inLanguage\":\"de\",\"@id\":\"https:\/\/www.supercom.agency\/de\/#\/schema\/logo\/image\/\",\"url\":\"https:\/\/www.supercom.agency\/wp-content\/uploads\/2024\/11\/Supercom-logo.svg\",\"contentUrl\":\"https:\/\/www.supercom.agency\/wp-content\/uploads\/2024\/11\/Supercom-logo.svg\",\"width\":939,\"height\":188,\"caption\":\"Supercom\"},\"image\":{\"@id\":\"https:\/\/www.supercom.agency\/de\/#\/schema\/logo\/image\/\"},\"sameAs\":[\"https:\/\/www.facebook.com\/supercom.agency\/\",\"https:\/\/www.linkedin.com\/company\/supercom-agency\/\"]}]}<\/script>\n<!-- \/ Yoast SEO plugin. -->","yoast_head_json":{"title":"Datenschutzerkl\u00e4rung - Supercom.agency","robots":{"index":"index","follow":"follow","max-snippet":"max-snippet:-1","max-image-preview":"max-image-preview:large","max-video-preview":"max-video-preview:-1"},"canonical":"https:\/\/www.supercom.agency\/de\/datenschutzerklaerung\/","og_locale":"de_DE","og_type":"article","og_title":"Datenschutzerkl\u00e4rung - Supercom.agency","og_description":"Datenschutzerkl\u00e4rung Supercom.agency Datenschutzerkl\u00e4rung Supercom verpflichtet sich, die Vertraulichkeit und Sicherheit der personenbezogenen Daten seiner Nutzer gem\u00e4ss dem neuen Bundesgesetz \u00fcber den Datenschutz (DSG), das seit dem 1. September 2023 in Kraft ist, zu sch\u00fctzen. Der Schutz Ihrer Privatsph\u00e4re und pers\u00f6nlichen Daten ist f\u00fcr uns von grosser Bedeutung. Diese Datenschutzerkl\u00e4rung erl\u00e4utert, wie wir Ihre Informationen erfassen, [&hellip;]","og_url":"https:\/\/www.supercom.agency\/de\/datenschutzerklaerung\/","og_site_name":"Supercom.agency","article_publisher":"https:\/\/www.facebook.com\/supercom.agency\/","article_modified_time":"2025-02-02T20:06:00+00:00","twitter_card":"summary_large_image","twitter_misc":{"Gesch\u00e4tzte Lesezeit":"6\u00a0Minuten"},"schema":{"@context":"https:\/\/schema.org","@graph":[{"@type":"WebPage","@id":"https:\/\/www.supercom.agency\/de\/datenschutzerklaerung\/","url":"https:\/\/www.supercom.agency\/de\/datenschutzerklaerung\/","name":"Datenschutzerkl\u00e4rung - Supercom.agency","isPartOf":{"@id":"https:\/\/www.supercom.agency\/de\/#website"},"datePublished":"2025-02-02T11:20:07+00:00","dateModified":"2025-02-02T20:06:00+00:00","breadcrumb":{"@id":"https:\/\/www.supercom.agency\/de\/datenschutzerklaerung\/#breadcrumb"},"inLanguage":"de","potentialAction":[{"@type":"ReadAction","target":["https:\/\/www.supercom.agency\/de\/datenschutzerklaerung\/"]}]},{"@type":"BreadcrumbList","@id":"https:\/\/www.supercom.agency\/de\/datenschutzerklaerung\/#breadcrumb","itemListElement":[{"@type":"ListItem","position":1,"name":"Home","item":"https:\/\/www.supercom.agency\/de\/"},{"@type":"ListItem","position":2,"name":"Datenschutzerkl\u00e4rung"}]},{"@type":"WebSite","@id":"https:\/\/www.supercom.agency\/de\/#website","url":"https:\/\/www.supercom.agency\/de\/","name":"Supercom","description":"","publisher":{"@id":"https:\/\/www.supercom.agency\/de\/#organization"},"potentialAction":[{"@type":"SearchAction","target":{"@type":"EntryPoint","urlTemplate":"https:\/\/www.supercom.agency\/de\/?s={search_term_string}"},"query-input":{"@type":"PropertyValueSpecification","valueRequired":true,"valueName":"search_term_string"}}],"inLanguage":"de"},{"@type":"Organization","@id":"https:\/\/www.supercom.agency\/de\/#organization","name":"Supercom","url":"https:\/\/www.supercom.agency\/de\/","logo":{"@type":"ImageObject","inLanguage":"de","@id":"https:\/\/www.supercom.agency\/de\/#\/schema\/logo\/image\/","url":"https:\/\/www.supercom.agency\/wp-content\/uploads\/2024\/11\/Supercom-logo.svg","contentUrl":"https:\/\/www.supercom.agency\/wp-content\/uploads\/2024\/11\/Supercom-logo.svg","width":939,"height":188,"caption":"Supercom"},"image":{"@id":"https:\/\/www.supercom.agency\/de\/#\/schema\/logo\/image\/"},"sameAs":["https:\/\/www.facebook.com\/supercom.agency\/","https:\/\/www.linkedin.com\/company\/supercom-agency\/"]}]}},"_links":{"self":[{"href":"https:\/\/www.supercom.agency\/de\/wp-json\/wp\/v2\/pages\/18005","targetHints":{"allow":["GET"]}}],"collection":[{"href":"https:\/\/www.supercom.agency\/de\/wp-json\/wp\/v2\/pages"}],"about":[{"href":"https:\/\/www.supercom.agency\/de\/wp-json\/wp\/v2\/types\/page"}],"author":[{"embeddable":true,"href":"https:\/\/www.supercom.agency\/de\/wp-json\/wp\/v2\/users\/3"}],"replies":[{"embeddable":true,"href":"https:\/\/www.supercom.agency\/de\/wp-json\/wp\/v2\/comments?post=18005"}],"version-history":[{"count":10,"href":"https:\/\/www.supercom.agency\/de\/wp-json\/wp\/v2\/pages\/18005\/revisions"}],"predecessor-version":[{"id":18026,"href":"https:\/\/www.supercom.agency\/de\/wp-json\/wp\/v2\/pages\/18005\/revisions\/18026"}],"wp:attachment":[{"href":"https:\/\/www.supercom.agency\/de\/wp-json\/wp\/v2\/media?parent=18005"}],"curies":[{"name":"wp","href":"https:\/\/api.w.org\/{rel}","templated":true}]}}