{"id":17860,"date":"2025-01-17T14:16:05","date_gmt":"2025-01-17T13:16:05","guid":{"rendered":"https:\/\/www.supercom.agency\/?page_id=17860"},"modified":"2025-01-29T11:05:36","modified_gmt":"2025-01-29T10:05:36","slug":"cookies","status":"publish","type":"page","link":"https:\/\/www.supercom.agency\/de\/cookies\/","title":{"rendered":"Cookies"},"content":{"rendered":"\t\t<div data-elementor-type=\"wp-page\" data-elementor-id=\"17860\" class=\"elementor elementor-17860 elementor-16229\" data-elementor-post-type=\"page\">\n\t\t\t\t<div class=\"elementor-element elementor-element-3b80e56 e-con-full e-flex e-con e-parent\" data-id=\"3b80e56\" data-element_type=\"container\" data-settings=\"{&quot;background_background&quot;:&quot;classic&quot;}\">\n\t\t<div class=\"elementor-element elementor-element-357bbb6 e-flex e-con-boxed e-con e-child\" data-id=\"357bbb6\" data-element_type=\"container\">\n\t\t\t\t\t<div class=\"e-con-inner\">\n\t\t\t\t<div class=\"elementor-element elementor-element-f42d409 elementor-widget elementor-widget-heading\" data-id=\"f42d409\" data-element_type=\"widget\" data-widget_type=\"heading.default\">\n\t\t\t\t<div class=\"elementor-widget-container\">\n\t\t\t\t\t<h1 class=\"elementor-heading-title elementor-size-default\">Cookies<\/h1>\t\t\t\t<\/div>\n\t\t\t\t<\/div>\n\t\t\t\t\t<\/div>\n\t\t\t\t<\/div>\n\t\t\t\t<\/div>\n\t\t<div class=\"elementor-element elementor-element-5dd93290 e-flex e-con-boxed e-con e-parent\" data-id=\"5dd93290\" data-element_type=\"container\">\n\t\t\t\t\t<div class=\"e-con-inner\">\n\t\t\t\t<div class=\"elementor-element elementor-element-4582d89f elementor-widget elementor-widget-text-editor\" data-id=\"4582d89f\" data-element_type=\"widget\" data-widget_type=\"text-editor.default\">\n\t\t\t\t<div class=\"elementor-widget-container\">\n\t\t\t\t\t\t\t\t\t<p><strong>Diese Cookie-Richtlinien gilt f\u00fcr Supercom.agency.<\/strong><\/p><p>Nicht-personenbezogene und anonyme Daten, die mit Ihrer Verbindung und Ihrem Surfen zusammenh\u00e4ngen, werden bei jedem Besuch auf Supercom.agency in einer Datei namens Cookie gesammelt.<\/p><p><b>Durch Cookies gesammelte Daten:<\/b><\/p><p>Ein Cookie ist eine Textdatei, die nicht-personenbezogene Informationen enth\u00e4lt und beim Besuch einer Webseite, einer mobilen Anwendung oder einer Online-Werbung abgelegt wird. Es wird auf Ihrem Computer oder mobilen Ger\u00e4t \u00fcber einen Internetbrowser oder eine mobile App gespeichert.<\/p><p>Auf unserer Seite verwenden wir:<\/p><ul><li aria-level=\"1\">Strikt notwendige Cookies, um bestimmte Funktionen der Website zu aktivieren oder zu verbessern oder um Informationen bereitzustellen, wie z.B. das Erinnern an Ihre Auswahl oder an die Seiten, die Sie besucht haben.<\/li><li aria-level=\"1\">Cookies von Drittanbietern, um Ihnen Inhalte und personalisierte Werbung basierend auf Ihren Interessen anzubieten, die w\u00e4hrend Ihres Surfens im Internet oder durch Remarketing zum Ausdruck kommen.<\/li><\/ul><p>Weitere Informationen \u00fcber Cookies finden Sie auf den folgenden Websites:<a href=\"https:\/\/de.wikipedia.org\/wiki\/HTTP-Cookie\"> https:\/\/de.wikipedia.org\/wiki\/HTTP-Cookie<\/a><\/p><p><b>Akzeptieren oder Ablehnen von Cookies<\/b><\/p><p>Sie k\u00f6nnen Cookies jederzeit ablehnen:<\/p><ul><li aria-level=\"1\">\u00dcber unsere Zustimmungsleiste, die Ihnen beim ersten Besuch unserer Seite angezeigt wird, indem Sie eine der verf\u00fcgbaren Optionen ausw\u00e4hlen.<\/li><li aria-level=\"1\">Indem Sie die Einstellungen Ihres Browsers so konfigurieren, dass Cookies akzeptiert oder abgelehnt werden. Die Anbieter der Webbrowser stellen Hilfeseiten zur Verwaltung von Cookies zur Verf\u00fcgung.<\/li><li aria-level=\"1\">Indem Sie eine kostenlose App herunterladen, um Cookies und die meisten Werbe-Tracking-Technologien zu blockieren. Diese werden als &#8222;Cookie-Blocker&#8220; oder &#8222;Ad-Blocker&#8220; bezeichnet.<\/li><\/ul><p>Wenn Sie sich entscheiden, essentielle Cookies abzulehnen oder zu blockieren, k\u00f6nnten bestimmte Teile von Supercom.agency nicht wie vorgesehen funktionieren oder m\u00f6glicherweise \u00fcberhaupt nicht funktionieren.<\/p><p><b>Haftungsausschluss<\/b><\/p><p>Wir behalten uns das Recht vor, diese Cookie-Richtlinie aus beliebigen Gr\u00fcnden zu aktualisieren, ohne Sie dar\u00fcber zu informieren. Wir empfehlen Ihnen daher, diese Seite regelm\u00e4ssig zu \u00fcberpr\u00fcfen.<\/p><p>Durch die Nutzung unserer Website akzeptieren Sie, dass, wenn Sie Cookies oder andere Technologien nicht \u00fcber unsere Zustimmungsleiste blockieren, die oben genannten Informationen gesendet werden k\u00f6nnen.<\/p>\t\t\t\t\t\t\t\t<\/div>\n\t\t\t\t<\/div>\n\t\t\t\t\t<\/div>\n\t\t\t\t<\/div>\n\t\t\t\t<\/div>\n\t\t","protected":false},"excerpt":{"rendered":"<p>Cookies Diese Cookie-Richtlinien gilt f\u00fcr Supercom.agency. Nicht-personenbezogene und anonyme Daten, die mit Ihrer Verbindung und Ihrem Surfen zusammenh\u00e4ngen, werden bei jedem Besuch auf Supercom.agency in einer Datei namens Cookie gesammelt. Durch Cookies gesammelte Daten: Ein Cookie ist eine Textdatei, die nicht-personenbezogene Informationen enth\u00e4lt und beim Besuch einer Webseite, einer mobilen Anwendung oder einer Online-Werbung abgelegt [&hellip;]<\/p>\n","protected":false},"author":2,"featured_media":0,"parent":0,"menu_order":0,"comment_status":"closed","ping_status":"closed","template":"","meta":{"footnotes":""},"class_list":["post-17860","page","type-page","status-publish","hentry"],"yoast_head":"<!-- This site is optimized with the Yoast SEO plugin v26.8 - https:\/\/yoast.com\/product\/yoast-seo-wordpress\/ -->\n<title>Cookies - Supercom.agency<\/title>\n<meta name=\"robots\" content=\"noindex, follow\" \/>\n<meta property=\"og:locale\" content=\"de_DE\" \/>\n<meta property=\"og:type\" content=\"article\" \/>\n<meta property=\"og:title\" content=\"Cookies - Supercom.agency\" \/>\n<meta property=\"og:description\" content=\"Cookies Diese Cookie-Richtlinien gilt f\u00fcr Supercom.agency. Nicht-personenbezogene und anonyme Daten, die mit Ihrer Verbindung und Ihrem Surfen zusammenh\u00e4ngen, werden bei jedem Besuch auf Supercom.agency in einer Datei namens Cookie gesammelt. Durch Cookies gesammelte Daten: Ein Cookie ist eine Textdatei, die nicht-personenbezogene Informationen enth\u00e4lt und beim Besuch einer Webseite, einer mobilen Anwendung oder einer Online-Werbung abgelegt [&hellip;]\" \/>\n<meta property=\"og:url\" content=\"https:\/\/www.supercom.agency\/de\/cookies\/\" \/>\n<meta property=\"og:site_name\" content=\"Supercom.agency\" \/>\n<meta property=\"article:publisher\" content=\"https:\/\/www.facebook.com\/supercom.agency\/\" \/>\n<meta property=\"article:modified_time\" content=\"2025-01-29T10:05:36+00:00\" \/>\n<meta name=\"twitter:card\" content=\"summary_large_image\" \/>\n<meta name=\"twitter:label1\" content=\"Gesch\u00e4tzte Lesezeit\" \/>\n\t<meta name=\"twitter:data1\" content=\"2\u00a0Minuten\" \/>\n<script type=\"application\/ld+json\" class=\"yoast-schema-graph\">{\"@context\":\"https:\/\/schema.org\",\"@graph\":[{\"@type\":\"WebPage\",\"@id\":\"https:\/\/www.supercom.agency\/de\/cookies\/\",\"url\":\"https:\/\/www.supercom.agency\/de\/cookies\/\",\"name\":\"Cookies - Supercom.agency\",\"isPartOf\":{\"@id\":\"https:\/\/www.supercom.agency\/de\/#website\"},\"datePublished\":\"2025-01-17T13:16:05+00:00\",\"dateModified\":\"2025-01-29T10:05:36+00:00\",\"breadcrumb\":{\"@id\":\"https:\/\/www.supercom.agency\/de\/cookies\/#breadcrumb\"},\"inLanguage\":\"de\",\"potentialAction\":[{\"@type\":\"ReadAction\",\"target\":[\"https:\/\/www.supercom.agency\/de\/cookies\/\"]}]},{\"@type\":\"BreadcrumbList\",\"@id\":\"https:\/\/www.supercom.agency\/de\/cookies\/#breadcrumb\",\"itemListElement\":[{\"@type\":\"ListItem\",\"position\":1,\"name\":\"Home\",\"item\":\"https:\/\/www.supercom.agency\/de\/\"},{\"@type\":\"ListItem\",\"position\":2,\"name\":\"Cookies\"}]},{\"@type\":\"WebSite\",\"@id\":\"https:\/\/www.supercom.agency\/de\/#website\",\"url\":\"https:\/\/www.supercom.agency\/de\/\",\"name\":\"Supercom\",\"description\":\"\",\"publisher\":{\"@id\":\"https:\/\/www.supercom.agency\/de\/#organization\"},\"potentialAction\":[{\"@type\":\"SearchAction\",\"target\":{\"@type\":\"EntryPoint\",\"urlTemplate\":\"https:\/\/www.supercom.agency\/de\/?s={search_term_string}\"},\"query-input\":{\"@type\":\"PropertyValueSpecification\",\"valueRequired\":true,\"valueName\":\"search_term_string\"}}],\"inLanguage\":\"de\"},{\"@type\":\"Organization\",\"@id\":\"https:\/\/www.supercom.agency\/de\/#organization\",\"name\":\"Supercom\",\"url\":\"https:\/\/www.supercom.agency\/de\/\",\"logo\":{\"@type\":\"ImageObject\",\"inLanguage\":\"de\",\"@id\":\"https:\/\/www.supercom.agency\/de\/#\/schema\/logo\/image\/\",\"url\":\"https:\/\/www.supercom.agency\/wp-content\/uploads\/2024\/11\/Supercom-logo.svg\",\"contentUrl\":\"https:\/\/www.supercom.agency\/wp-content\/uploads\/2024\/11\/Supercom-logo.svg\",\"width\":939,\"height\":188,\"caption\":\"Supercom\"},\"image\":{\"@id\":\"https:\/\/www.supercom.agency\/de\/#\/schema\/logo\/image\/\"},\"sameAs\":[\"https:\/\/www.facebook.com\/supercom.agency\/\",\"https:\/\/www.linkedin.com\/company\/supercom-agency\/\"]}]}<\/script>\n<!-- \/ Yoast SEO plugin. -->","yoast_head_json":{"title":"Cookies - Supercom.agency","robots":{"index":"noindex","follow":"follow"},"og_locale":"de_DE","og_type":"article","og_title":"Cookies - Supercom.agency","og_description":"Cookies Diese Cookie-Richtlinien gilt f\u00fcr Supercom.agency. Nicht-personenbezogene und anonyme Daten, die mit Ihrer Verbindung und Ihrem Surfen zusammenh\u00e4ngen, werden bei jedem Besuch auf Supercom.agency in einer Datei namens Cookie gesammelt. Durch Cookies gesammelte Daten: Ein Cookie ist eine Textdatei, die nicht-personenbezogene Informationen enth\u00e4lt und beim Besuch einer Webseite, einer mobilen Anwendung oder einer Online-Werbung abgelegt [&hellip;]","og_url":"https:\/\/www.supercom.agency\/de\/cookies\/","og_site_name":"Supercom.agency","article_publisher":"https:\/\/www.facebook.com\/supercom.agency\/","article_modified_time":"2025-01-29T10:05:36+00:00","twitter_card":"summary_large_image","twitter_misc":{"Gesch\u00e4tzte Lesezeit":"2\u00a0Minuten"},"schema":{"@context":"https:\/\/schema.org","@graph":[{"@type":"WebPage","@id":"https:\/\/www.supercom.agency\/de\/cookies\/","url":"https:\/\/www.supercom.agency\/de\/cookies\/","name":"Cookies - Supercom.agency","isPartOf":{"@id":"https:\/\/www.supercom.agency\/de\/#website"},"datePublished":"2025-01-17T13:16:05+00:00","dateModified":"2025-01-29T10:05:36+00:00","breadcrumb":{"@id":"https:\/\/www.supercom.agency\/de\/cookies\/#breadcrumb"},"inLanguage":"de","potentialAction":[{"@type":"ReadAction","target":["https:\/\/www.supercom.agency\/de\/cookies\/"]}]},{"@type":"BreadcrumbList","@id":"https:\/\/www.supercom.agency\/de\/cookies\/#breadcrumb","itemListElement":[{"@type":"ListItem","position":1,"name":"Home","item":"https:\/\/www.supercom.agency\/de\/"},{"@type":"ListItem","position":2,"name":"Cookies"}]},{"@type":"WebSite","@id":"https:\/\/www.supercom.agency\/de\/#website","url":"https:\/\/www.supercom.agency\/de\/","name":"Supercom","description":"","publisher":{"@id":"https:\/\/www.supercom.agency\/de\/#organization"},"potentialAction":[{"@type":"SearchAction","target":{"@type":"EntryPoint","urlTemplate":"https:\/\/www.supercom.agency\/de\/?s={search_term_string}"},"query-input":{"@type":"PropertyValueSpecification","valueRequired":true,"valueName":"search_term_string"}}],"inLanguage":"de"},{"@type":"Organization","@id":"https:\/\/www.supercom.agency\/de\/#organization","name":"Supercom","url":"https:\/\/www.supercom.agency\/de\/","logo":{"@type":"ImageObject","inLanguage":"de","@id":"https:\/\/www.supercom.agency\/de\/#\/schema\/logo\/image\/","url":"https:\/\/www.supercom.agency\/wp-content\/uploads\/2024\/11\/Supercom-logo.svg","contentUrl":"https:\/\/www.supercom.agency\/wp-content\/uploads\/2024\/11\/Supercom-logo.svg","width":939,"height":188,"caption":"Supercom"},"image":{"@id":"https:\/\/www.supercom.agency\/de\/#\/schema\/logo\/image\/"},"sameAs":["https:\/\/www.facebook.com\/supercom.agency\/","https:\/\/www.linkedin.com\/company\/supercom-agency\/"]}]}},"_links":{"self":[{"href":"https:\/\/www.supercom.agency\/de\/wp-json\/wp\/v2\/pages\/17860","targetHints":{"allow":["GET"]}}],"collection":[{"href":"https:\/\/www.supercom.agency\/de\/wp-json\/wp\/v2\/pages"}],"about":[{"href":"https:\/\/www.supercom.agency\/de\/wp-json\/wp\/v2\/types\/page"}],"author":[{"embeddable":true,"href":"https:\/\/www.supercom.agency\/de\/wp-json\/wp\/v2\/users\/2"}],"replies":[{"embeddable":true,"href":"https:\/\/www.supercom.agency\/de\/wp-json\/wp\/v2\/comments?post=17860"}],"version-history":[{"count":4,"href":"https:\/\/www.supercom.agency\/de\/wp-json\/wp\/v2\/pages\/17860\/revisions"}],"predecessor-version":[{"id":17906,"href":"https:\/\/www.supercom.agency\/de\/wp-json\/wp\/v2\/pages\/17860\/revisions\/17906"}],"wp:attachment":[{"href":"https:\/\/www.supercom.agency\/de\/wp-json\/wp\/v2\/media?parent=17860"}],"curies":[{"name":"wp","href":"https:\/\/api.w.org\/{rel}","templated":true}]}}