{"id":17655,"date":"2025-01-11T14:12:06","date_gmt":"2025-01-11T13:12:06","guid":{"rendered":"https:\/\/www.supercom.agency\/?page_id=17655"},"modified":"2025-06-25T17:41:25","modified_gmt":"2025-06-25T15:41:25","slug":"kostenlose-beratung","status":"publish","type":"page","link":"https:\/\/www.supercom.agency\/de\/kostenlose-beratung\/","title":{"rendered":"Kostenlose Beratung"},"content":{"rendered":"\t\t<div data-elementor-type=\"wp-page\" data-elementor-id=\"17655\" class=\"elementor elementor-17655 elementor-15525\" data-elementor-post-type=\"page\">\n\t\t\t\t<div class=\"elementor-element elementor-element-b3b6f4a e-flex e-con-boxed e-con e-parent\" data-id=\"b3b6f4a\" data-element_type=\"container\" data-settings=\"{&quot;background_background&quot;:&quot;classic&quot;}\">\n\t\t\t\t\t<div class=\"e-con-inner\">\n\t\t\t\t<div class=\"elementor-element elementor-element-8f182a7 elementor-widget elementor-widget-heading\" data-id=\"8f182a7\" data-element_type=\"widget\" data-widget_type=\"heading.default\">\n\t\t\t\t<div class=\"elementor-widget-container\">\n\t\t\t\t\t<h1 class=\"elementor-heading-title elementor-size-default\">Buchen Sie Ihre kostenlose Beratung!<\/h1>\t\t\t\t<\/div>\n\t\t\t\t<\/div>\n\t\t\t\t\t<\/div>\n\t\t\t\t<\/div>\n\t\t<div class=\"elementor-element elementor-element-ce54d47 elementor-hidden-tablet elementor-hidden-mobile e-flex e-con-boxed e-con e-parent\" data-id=\"ce54d47\" data-element_type=\"container\">\n\t\t\t\t\t<div class=\"e-con-inner\">\n\t\t\t\t<div class=\"elementor-element elementor-element-599de69 elementor-widget elementor-widget-heading\" data-id=\"599de69\" data-element_type=\"widget\" data-widget_type=\"heading.default\">\n\t\t\t\t<div class=\"elementor-widget-container\">\n\t\t\t\t\t<h2 class=\"elementor-heading-title elementor-size-default\"><span style=\"color: #12102D\">Lassen Sie uns <\/span><span style=\"font-weight: 800;color: #E52044\">gemeinsam<\/span>&nbsp;<span style=\"color: #12102D\">etwas <\/span><span style=\"font-weight: 800;color: #E52044\">Aussergew\u00f6hnliches<\/span><br><span style=\"color: #12102D\">schaffen<\/span><\/h2>\t\t\t\t<\/div>\n\t\t\t\t<\/div>\n\t\t\t\t<div class=\"elementor-element elementor-element-ea10bc8 elementor-widget elementor-widget-text-editor\" data-id=\"ea10bc8\" data-element_type=\"widget\" data-widget_type=\"text-editor.default\">\n\t\t\t\t<div class=\"elementor-widget-container\">\n\t\t\t\t\t\t\t\t\t<p><strong>Bei Supercom.agency lieben wir es, zusammenzuarbeiten, zu innovieren und Strategien zu entwickeln, die Unternehmen zum Strahlen bringen. Ob es darum geht, eine Marketing-Herausforderung zu meistern, wirkungsvolle Designs zu kreieren oder Ihre digitale Performance zu optimieren \u2013 wir h\u00f6ren Ihnen zu!<\/strong><\/p><p>Nutzen Sie eine kostenlose 30-min\u00fctige Beratung mit einem unserer Experten, um:<br \/>\ud83d\udca1 L\u00f6sungen f\u00fcr Ihre Herausforderungen im digitalen Marketing oder kreativen Design zu entwickeln.<br \/>\ud83d\ude80 Sofortige Verbesserungsm\u00f6glichkeiten zu entdecken, um Ihre Ziele zu erreichen.<br \/>\ud83c\udfa8 Innovative Ideen zu erhalten, die Ihre visuelle und strategische Wirkung steigern.<\/p><p>W\u00e4hlen Sie ein Datum und eine Uhrzeit im untenstehenden Kalender f\u00fcr Ihre pers\u00f6nliche Beratung mit einem Supercom-Experten.<\/p><p>Bevorzugen Sie einen direkten Kontakt?<b><br \/><\/b>Rufen Sie uns unter der Nummer an: <a href=\"tel:+41228860282\">+41 22 886 02 82<\/a><\/p>\t\t\t\t\t\t\t\t<\/div>\n\t\t\t\t<\/div>\n\t\t\t\t\t<\/div>\n\t\t\t\t<\/div>\n\t\t<div class=\"elementor-element elementor-element-9447df0 elementor-hidden-desktop elementor-hidden-widescreen e-flex e-con-boxed e-con e-parent\" data-id=\"9447df0\" data-element_type=\"container\">\n\t\t\t\t\t<div class=\"e-con-inner\">\n\t\t\t\t<div class=\"elementor-element elementor-element-de1a059 elementor-widget elementor-widget-heading\" data-id=\"de1a059\" data-element_type=\"widget\" data-widget_type=\"heading.default\">\n\t\t\t\t<div class=\"elementor-widget-container\">\n\t\t\t\t\t<h2 class=\"elementor-heading-title elementor-size-default\"><span style=\"color: #12102D\">Lassen Sie uns <\/span><span style=\"font-weight: 800;color: #E52044\">gemeinsam<\/span>&nbsp;<span style=\"color: #12102D\">etwas <\/span><span style=\"font-weight: 800;color: #E52044\">Aussergew\u00f6hnliches<\/span><br><span style=\"color: #12102D\">schaffen<\/span><\/h2>\t\t\t\t<\/div>\n\t\t\t\t<\/div>\n\t\t\t\t<div class=\"elementor-element elementor-element-679c585 elementor-widget elementor-widget-text-editor\" data-id=\"679c585\" data-element_type=\"widget\" data-widget_type=\"text-editor.default\">\n\t\t\t\t<div class=\"elementor-widget-container\">\n\t\t\t\t\t\t\t\t\t<p>Profitieren Sie von einer kostenlosen 30-min\u00fctigen Beratung mit einem unserer Experten.<br \/>W\u00e4hlen Sie Datum und Uhrzeit im Kalender unten aus.<\/p><p>M\u00f6chten Sie uns lieber direkt kontaktieren? Rufen Sie uns an unter <a href=\"tel:+41228860282\">+41 22 886 02 82<\/a><\/p>\t\t\t\t\t\t\t\t<\/div>\n\t\t\t\t<\/div>\n\t\t\t\t\t<\/div>\n\t\t\t\t<\/div>\n\t\t<div class=\"elementor-element elementor-element-6893714 e-flex e-con-boxed e-con e-parent\" data-id=\"6893714\" data-element_type=\"container\">\n\t\t\t\t\t<div class=\"e-con-inner\">\n\t\t<div class=\"elementor-element elementor-element-ab90ec6 e-con-full e-flex e-con e-child\" data-id=\"ab90ec6\" data-element_type=\"container\">\n\t\t\t\t<div class=\"elementor-element elementor-element-ded017a elementor-widget__width-initial elementor-widget elementor-widget-html\" data-id=\"ded017a\" data-element_type=\"widget\" data-widget_type=\"html.default\">\n\t\t\t\t<div class=\"elementor-widget-container\">\n\t\t\t\t\t<!-- Calendly inline widget begin -->\n<div class=\"calendly-inline-widget\" data-url=\"https:\/\/calendly.com\/consultation-supercom\/30min?hide_event_type_details=1&hide_gdpr_banner=1\" style=\"min-width:320px;height:700px;\"><\/div>\n<script type=\"text\/javascript\" src=\"https:\/\/assets.calendly.com\/assets\/external\/widget.js\" async><\/script>\n<!-- Calendly inline widget end -->\t\t\t\t<\/div>\n\t\t\t\t<\/div>\n\t\t\t\t<\/div>\n\t\t<div class=\"elementor-element elementor-element-f49fd36 e-con-full e-flex e-con e-child\" data-id=\"f49fd36\" data-element_type=\"container\">\n\t\t<div class=\"elementor-element elementor-element-f982227 e-con-full e-flex e-con e-child\" data-id=\"f982227\" data-element_type=\"container\">\n\t\t\t\t<div class=\"elementor-element elementor-element-4d73c1f elementor-widget elementor-widget-heading\" data-id=\"4d73c1f\" data-element_type=\"widget\" data-widget_type=\"heading.default\">\n\t\t\t\t<div class=\"elementor-widget-container\">\n\t\t\t\t\t<h5 class=\"elementor-heading-title elementor-size-default\">ADRESSE<\/h5>\t\t\t\t<\/div>\n\t\t\t\t<\/div>\n\t\t\t\t<div class=\"elementor-element elementor-element-95bdc5a elementor-widget elementor-widget-text-editor\" data-id=\"95bdc5a\" data-element_type=\"widget\" data-widget_type=\"text-editor.default\">\n\t\t\t\t<div class=\"elementor-widget-container\">\n\t\t\t\t\t\t\t\t\t<p>C\/o NASK S\u00e0rl. <br \/>Route des Acacias 43<br \/>CH-1227 Carouge\/Genf<\/p>\t\t\t\t\t\t\t\t<\/div>\n\t\t\t\t<\/div>\n\t\t\t\t<\/div>\n\t\t<div class=\"elementor-element elementor-element-3d4348b e-con-full e-flex e-con e-child\" data-id=\"3d4348b\" data-element_type=\"container\">\n\t\t\t\t<div class=\"elementor-element elementor-element-535a9af elementor-widget elementor-widget-heading\" data-id=\"535a9af\" data-element_type=\"widget\" data-widget_type=\"heading.default\">\n\t\t\t\t<div class=\"elementor-widget-container\">\n\t\t\t\t\t<h5 class=\"elementor-heading-title elementor-size-default\">\u00d6FFNUNGSZEITEN<\/h5>\t\t\t\t<\/div>\n\t\t\t\t<\/div>\n\t\t\t\t<div class=\"elementor-element elementor-element-fd20551 elementor-widget elementor-widget-text-editor\" data-id=\"fd20551\" data-element_type=\"widget\" data-widget_type=\"text-editor.default\">\n\t\t\t\t<div class=\"elementor-widget-container\">\n\t\t\t\t\t\t\t\t\t<p>Ge\u00f6ffnet: 9:00 Uhr \u2013 Geschlossen: 18:00 Uhr<br \/>Samstag \u2013 Sonntag: Geschlossen<\/p>\t\t\t\t\t\t\t\t<\/div>\n\t\t\t\t<\/div>\n\t\t\t\t<\/div>\n\t\t\t\t<\/div>\n\t\t\t\t\t<\/div>\n\t\t\t\t<\/div>\n\t\t\t\t<\/div>\n\t\t","protected":false},"excerpt":{"rendered":"<p>Buchen Sie Ihre kostenlose Beratung! Lassen Sie uns gemeinsam&nbsp;etwas Aussergew\u00f6hnlichesschaffen Bei Supercom.agency lieben wir es, zusammenzuarbeiten, zu innovieren und Strategien zu entwickeln, die Unternehmen zum Strahlen bringen. Ob es darum geht, eine Marketing-Herausforderung zu meistern, wirkungsvolle Designs zu kreieren oder Ihre digitale Performance zu optimieren \u2013 wir h\u00f6ren Ihnen zu! Nutzen Sie eine kostenlose 30-min\u00fctige [&hellip;]<\/p>\n","protected":false},"author":2,"featured_media":0,"parent":0,"menu_order":0,"comment_status":"closed","ping_status":"closed","template":"","meta":{"footnotes":""},"class_list":["post-17655","page","type-page","status-publish","hentry"],"yoast_head":"<!-- This site is optimized with the Yoast SEO plugin v26.8 - https:\/\/yoast.com\/product\/yoast-seo-wordpress\/ -->\n<title>Kostenlose Beratung - Supercom.agency<\/title>\n<meta name=\"robots\" content=\"index, follow, max-snippet:-1, max-image-preview:large, max-video-preview:-1\" \/>\n<link rel=\"canonical\" href=\"https:\/\/www.supercom.agency\/de\/kostenlose-beratung\/\" \/>\n<meta property=\"og:locale\" content=\"de_DE\" \/>\n<meta property=\"og:type\" content=\"article\" \/>\n<meta property=\"og:title\" content=\"Kostenlose Beratung - Supercom.agency\" \/>\n<meta property=\"og:description\" content=\"Buchen Sie Ihre kostenlose Beratung! Lassen Sie uns gemeinsam&nbsp;etwas Aussergew\u00f6hnlichesschaffen Bei Supercom.agency lieben wir es, zusammenzuarbeiten, zu innovieren und Strategien zu entwickeln, die Unternehmen zum Strahlen bringen. Ob es darum geht, eine Marketing-Herausforderung zu meistern, wirkungsvolle Designs zu kreieren oder Ihre digitale Performance zu optimieren \u2013 wir h\u00f6ren Ihnen zu! Nutzen Sie eine kostenlose 30-min\u00fctige [&hellip;]\" \/>\n<meta property=\"og:url\" content=\"https:\/\/www.supercom.agency\/de\/kostenlose-beratung\/\" \/>\n<meta property=\"og:site_name\" content=\"Supercom.agency\" \/>\n<meta property=\"article:publisher\" content=\"https:\/\/www.facebook.com\/supercom.agency\/\" \/>\n<meta property=\"article:modified_time\" content=\"2025-06-25T15:41:25+00:00\" \/>\n<meta name=\"twitter:card\" content=\"summary_large_image\" \/>\n<meta name=\"twitter:label1\" content=\"Gesch\u00e4tzte Lesezeit\" \/>\n\t<meta name=\"twitter:data1\" content=\"2\u00a0Minuten\" \/>\n<script type=\"application\/ld+json\" class=\"yoast-schema-graph\">{\"@context\":\"https:\/\/schema.org\",\"@graph\":[{\"@type\":\"WebPage\",\"@id\":\"https:\/\/www.supercom.agency\/de\/kostenlose-beratung\/\",\"url\":\"https:\/\/www.supercom.agency\/de\/kostenlose-beratung\/\",\"name\":\"Kostenlose Beratung - Supercom.agency\",\"isPartOf\":{\"@id\":\"https:\/\/www.supercom.agency\/de\/#website\"},\"datePublished\":\"2025-01-11T13:12:06+00:00\",\"dateModified\":\"2025-06-25T15:41:25+00:00\",\"breadcrumb\":{\"@id\":\"https:\/\/www.supercom.agency\/de\/kostenlose-beratung\/#breadcrumb\"},\"inLanguage\":\"de\",\"potentialAction\":[{\"@type\":\"ReadAction\",\"target\":[\"https:\/\/www.supercom.agency\/de\/kostenlose-beratung\/\"]}]},{\"@type\":\"BreadcrumbList\",\"@id\":\"https:\/\/www.supercom.agency\/de\/kostenlose-beratung\/#breadcrumb\",\"itemListElement\":[{\"@type\":\"ListItem\",\"position\":1,\"name\":\"Home\",\"item\":\"https:\/\/www.supercom.agency\/de\/\"},{\"@type\":\"ListItem\",\"position\":2,\"name\":\"Kostenlose Beratung\"}]},{\"@type\":\"WebSite\",\"@id\":\"https:\/\/www.supercom.agency\/de\/#website\",\"url\":\"https:\/\/www.supercom.agency\/de\/\",\"name\":\"Supercom\",\"description\":\"\",\"publisher\":{\"@id\":\"https:\/\/www.supercom.agency\/de\/#organization\"},\"potentialAction\":[{\"@type\":\"SearchAction\",\"target\":{\"@type\":\"EntryPoint\",\"urlTemplate\":\"https:\/\/www.supercom.agency\/de\/?s={search_term_string}\"},\"query-input\":{\"@type\":\"PropertyValueSpecification\",\"valueRequired\":true,\"valueName\":\"search_term_string\"}}],\"inLanguage\":\"de\"},{\"@type\":\"Organization\",\"@id\":\"https:\/\/www.supercom.agency\/de\/#organization\",\"name\":\"Supercom\",\"url\":\"https:\/\/www.supercom.agency\/de\/\",\"logo\":{\"@type\":\"ImageObject\",\"inLanguage\":\"de\",\"@id\":\"https:\/\/www.supercom.agency\/de\/#\/schema\/logo\/image\/\",\"url\":\"https:\/\/www.supercom.agency\/wp-content\/uploads\/2024\/11\/Supercom-logo.svg\",\"contentUrl\":\"https:\/\/www.supercom.agency\/wp-content\/uploads\/2024\/11\/Supercom-logo.svg\",\"width\":939,\"height\":188,\"caption\":\"Supercom\"},\"image\":{\"@id\":\"https:\/\/www.supercom.agency\/de\/#\/schema\/logo\/image\/\"},\"sameAs\":[\"https:\/\/www.facebook.com\/supercom.agency\/\",\"https:\/\/www.linkedin.com\/company\/supercom-agency\/\"]}]}<\/script>\n<!-- \/ Yoast SEO plugin. -->","yoast_head_json":{"title":"Kostenlose Beratung - Supercom.agency","robots":{"index":"index","follow":"follow","max-snippet":"max-snippet:-1","max-image-preview":"max-image-preview:large","max-video-preview":"max-video-preview:-1"},"canonical":"https:\/\/www.supercom.agency\/de\/kostenlose-beratung\/","og_locale":"de_DE","og_type":"article","og_title":"Kostenlose Beratung - Supercom.agency","og_description":"Buchen Sie Ihre kostenlose Beratung! Lassen Sie uns gemeinsam&nbsp;etwas Aussergew\u00f6hnlichesschaffen Bei Supercom.agency lieben wir es, zusammenzuarbeiten, zu innovieren und Strategien zu entwickeln, die Unternehmen zum Strahlen bringen. Ob es darum geht, eine Marketing-Herausforderung zu meistern, wirkungsvolle Designs zu kreieren oder Ihre digitale Performance zu optimieren \u2013 wir h\u00f6ren Ihnen zu! Nutzen Sie eine kostenlose 30-min\u00fctige [&hellip;]","og_url":"https:\/\/www.supercom.agency\/de\/kostenlose-beratung\/","og_site_name":"Supercom.agency","article_publisher":"https:\/\/www.facebook.com\/supercom.agency\/","article_modified_time":"2025-06-25T15:41:25+00:00","twitter_card":"summary_large_image","twitter_misc":{"Gesch\u00e4tzte Lesezeit":"2\u00a0Minuten"},"schema":{"@context":"https:\/\/schema.org","@graph":[{"@type":"WebPage","@id":"https:\/\/www.supercom.agency\/de\/kostenlose-beratung\/","url":"https:\/\/www.supercom.agency\/de\/kostenlose-beratung\/","name":"Kostenlose Beratung - Supercom.agency","isPartOf":{"@id":"https:\/\/www.supercom.agency\/de\/#website"},"datePublished":"2025-01-11T13:12:06+00:00","dateModified":"2025-06-25T15:41:25+00:00","breadcrumb":{"@id":"https:\/\/www.supercom.agency\/de\/kostenlose-beratung\/#breadcrumb"},"inLanguage":"de","potentialAction":[{"@type":"ReadAction","target":["https:\/\/www.supercom.agency\/de\/kostenlose-beratung\/"]}]},{"@type":"BreadcrumbList","@id":"https:\/\/www.supercom.agency\/de\/kostenlose-beratung\/#breadcrumb","itemListElement":[{"@type":"ListItem","position":1,"name":"Home","item":"https:\/\/www.supercom.agency\/de\/"},{"@type":"ListItem","position":2,"name":"Kostenlose Beratung"}]},{"@type":"WebSite","@id":"https:\/\/www.supercom.agency\/de\/#website","url":"https:\/\/www.supercom.agency\/de\/","name":"Supercom","description":"","publisher":{"@id":"https:\/\/www.supercom.agency\/de\/#organization"},"potentialAction":[{"@type":"SearchAction","target":{"@type":"EntryPoint","urlTemplate":"https:\/\/www.supercom.agency\/de\/?s={search_term_string}"},"query-input":{"@type":"PropertyValueSpecification","valueRequired":true,"valueName":"search_term_string"}}],"inLanguage":"de"},{"@type":"Organization","@id":"https:\/\/www.supercom.agency\/de\/#organization","name":"Supercom","url":"https:\/\/www.supercom.agency\/de\/","logo":{"@type":"ImageObject","inLanguage":"de","@id":"https:\/\/www.supercom.agency\/de\/#\/schema\/logo\/image\/","url":"https:\/\/www.supercom.agency\/wp-content\/uploads\/2024\/11\/Supercom-logo.svg","contentUrl":"https:\/\/www.supercom.agency\/wp-content\/uploads\/2024\/11\/Supercom-logo.svg","width":939,"height":188,"caption":"Supercom"},"image":{"@id":"https:\/\/www.supercom.agency\/de\/#\/schema\/logo\/image\/"},"sameAs":["https:\/\/www.facebook.com\/supercom.agency\/","https:\/\/www.linkedin.com\/company\/supercom-agency\/"]}]}},"_links":{"self":[{"href":"https:\/\/www.supercom.agency\/de\/wp-json\/wp\/v2\/pages\/17655","targetHints":{"allow":["GET"]}}],"collection":[{"href":"https:\/\/www.supercom.agency\/de\/wp-json\/wp\/v2\/pages"}],"about":[{"href":"https:\/\/www.supercom.agency\/de\/wp-json\/wp\/v2\/types\/page"}],"author":[{"embeddable":true,"href":"https:\/\/www.supercom.agency\/de\/wp-json\/wp\/v2\/users\/2"}],"replies":[{"embeddable":true,"href":"https:\/\/www.supercom.agency\/de\/wp-json\/wp\/v2\/comments?post=17655"}],"version-history":[{"count":33,"href":"https:\/\/www.supercom.agency\/de\/wp-json\/wp\/v2\/pages\/17655\/revisions"}],"predecessor-version":[{"id":26091,"href":"https:\/\/www.supercom.agency\/de\/wp-json\/wp\/v2\/pages\/17655\/revisions\/26091"}],"wp:attachment":[{"href":"https:\/\/www.supercom.agency\/de\/wp-json\/wp\/v2\/media?parent=17655"}],"curies":[{"name":"wp","href":"https:\/\/api.w.org\/{rel}","templated":true}]}}